
{"id":112,"date":"2017-05-11T08:56:01","date_gmt":"2017-05-11T06:56:01","guid":{"rendered":"https:\/\/przedszkole62.edu.wroclaw.pl\/?page_id=112"},"modified":"2019-04-02T10:13:13","modified_gmt":"2019-04-02T08:13:13","slug":"galeria","status":"publish","type":"page","link":"https:\/\/przedszkole62.edu.wroclaw.pl\/index.php\/o-nas\/galeria\/","title":{"rendered":"Galeria"},"content":{"rendered":"\n<h2 class=\"wp-block-heading\"><br><\/h2>\n\n\n\n<ul class=\"wp-block-gallery columns-1 is-cropped wp-block-gallery-1 is-layout-flex wp-block-gallery-is-layout-flex\"><li class=\"blocks-gallery-item\"><figure><img loading=\"lazy\" decoding=\"async\" width=\"1024\" height=\"768\" src=\"https:\/\/przedszkole62.edu.wroclaw.pl\/wp-content\/uploads\/sites\/26\/2019\/02\/IMG_1821-1024x768.jpg\" alt=\"\" data-id=\"317\" data-link=\"https:\/\/przedszkole62.edu.wroclaw.pl\/?attachment_id=317\" class=\"wp-image-317\" srcset=\"https:\/\/przedszkole62.edu.wroclaw.pl\/wp-content\/uploads\/sites\/26\/2019\/02\/IMG_1821-1024x768.jpg 1024w, https:\/\/przedszkole62.edu.wroclaw.pl\/wp-content\/uploads\/sites\/26\/2019\/02\/IMG_1821-300x225.jpg 300w, https:\/\/przedszkole62.edu.wroclaw.pl\/wp-content\/uploads\/sites\/26\/2019\/02\/IMG_1821-768x576.jpg 768w, https:\/\/przedszkole62.edu.wroclaw.pl\/wp-content\/uploads\/sites\/26\/2019\/02\/IMG_1821-600x450.jpg 600w, https:\/\/przedszkole62.edu.wroclaw.pl\/wp-content\/uploads\/sites\/26\/2019\/02\/IMG_1821-624x468.jpg 624w\" sizes=\"auto, (max-width: 1024px) 100vw, 1024px\" \/><figcaption>Dzie\u0144 Kota w naszym przedszkolu 18.02.2019<\/figcaption><\/figure><\/li><\/ul>\n\n\n\n<ul class=\"wp-block-gallery columns-1 is-cropped wp-block-gallery-2 is-layout-flex wp-block-gallery-is-layout-flex\"><li class=\"blocks-gallery-item\"><figure><img loading=\"lazy\" decoding=\"async\" width=\"1024\" height=\"768\" src=\"https:\/\/przedszkole62.edu.wroclaw.pl\/wp-content\/uploads\/sites\/26\/2019\/03\/IMG-1857-1-1024x768.jpg\" alt=\"\" data-id=\"376\" class=\"wp-image-376\" srcset=\"https:\/\/przedszkole62.edu.wroclaw.pl\/wp-content\/uploads\/sites\/26\/2019\/03\/IMG-1857-1-1024x768.jpg 1024w, https:\/\/przedszkole62.edu.wroclaw.pl\/wp-content\/uploads\/sites\/26\/2019\/03\/IMG-1857-1-300x225.jpg 300w, https:\/\/przedszkole62.edu.wroclaw.pl\/wp-content\/uploads\/sites\/26\/2019\/03\/IMG-1857-1-768x576.jpg 768w, https:\/\/przedszkole62.edu.wroclaw.pl\/wp-content\/uploads\/sites\/26\/2019\/03\/IMG-1857-1-600x450.jpg 600w, https:\/\/przedszkole62.edu.wroclaw.pl\/wp-content\/uploads\/sites\/26\/2019\/03\/IMG-1857-1-624x468.jpg 624w\" sizes=\"auto, (max-width: 1024px) 100vw, 1024px\" \/><figcaption><strong>Przygotowujemy faworki na T\u0142usty Czwartek; na zdj\u0119ciu powy\u017cej nasze \u015bredniaki<\/strong><\/figcaption><\/figure><\/li><\/ul>\n\n\n\n<ul class=\"wp-block-gallery columns-1 is-cropped wp-block-gallery-3 is-layout-flex wp-block-gallery-is-layout-flex\"><li class=\"blocks-gallery-item\"><figure><img loading=\"lazy\" decoding=\"async\" width=\"1024\" height=\"768\" src=\"https:\/\/przedszkole62.edu.wroclaw.pl\/wp-content\/uploads\/sites\/26\/2019\/03\/Teatr-Pacu\u015b-O-niesfornej-kozie-1024x768.jpg\" alt=\"\" data-id=\"386\" data-link=\"https:\/\/przedszkole62.edu.wroclaw.pl\/?attachment_id=386\" class=\"wp-image-386\" srcset=\"https:\/\/przedszkole62.edu.wroclaw.pl\/wp-content\/uploads\/sites\/26\/2019\/03\/Teatr-Pacu\u015b-O-niesfornej-kozie-1024x768.jpg 1024w, https:\/\/przedszkole62.edu.wroclaw.pl\/wp-content\/uploads\/sites\/26\/2019\/03\/Teatr-Pacu\u015b-O-niesfornej-kozie-300x225.jpg 300w, https:\/\/przedszkole62.edu.wroclaw.pl\/wp-content\/uploads\/sites\/26\/2019\/03\/Teatr-Pacu\u015b-O-niesfornej-kozie-768x576.jpg 768w, https:\/\/przedszkole62.edu.wroclaw.pl\/wp-content\/uploads\/sites\/26\/2019\/03\/Teatr-Pacu\u015b-O-niesfornej-kozie-600x450.jpg 600w, https:\/\/przedszkole62.edu.wroclaw.pl\/wp-content\/uploads\/sites\/26\/2019\/03\/Teatr-Pacu\u015b-O-niesfornej-kozie-624x468.jpg 624w\" sizes=\"auto, (max-width: 1024px) 100vw, 1024px\" \/><figcaption>W lutym odwiedzi\u0142 nas Teatr Pacu\u015b z przedstawieniem pt. &#8222;O niesfornej kozie&#8221;<\/figcaption><\/figure><\/li><\/ul>\n\n\n\n<h1 style=\"text-align: center\"><strong>POWITANIE WIOSNY<\/strong><\/h1>\n\n\n\n<ul class=\"wp-block-gallery columns-3 is-cropped wp-block-gallery-4 is-layout-flex wp-block-gallery-is-layout-flex\"><li class=\"blocks-gallery-item\"><figure><img loading=\"lazy\" decoding=\"async\" width=\"1024\" height=\"768\" src=\"https:\/\/przedszkole62.edu.wroclaw.pl\/wp-content\/uploads\/sites\/26\/2019\/04\/IMG-2253-1024x768.jpg\" alt=\"\" data-id=\"532\" data-link=\"https:\/\/przedszkole62.edu.wroclaw.pl\/?attachment_id=532\" class=\"wp-image-532\" srcset=\"https:\/\/przedszkole62.edu.wroclaw.pl\/wp-content\/uploads\/sites\/26\/2019\/04\/IMG-2253-1024x768.jpg 1024w, https:\/\/przedszkole62.edu.wroclaw.pl\/wp-content\/uploads\/sites\/26\/2019\/04\/IMG-2253-300x225.jpg 300w, https:\/\/przedszkole62.edu.wroclaw.pl\/wp-content\/uploads\/sites\/26\/2019\/04\/IMG-2253-768x576.jpg 768w, https:\/\/przedszkole62.edu.wroclaw.pl\/wp-content\/uploads\/sites\/26\/2019\/04\/IMG-2253-600x450.jpg 600w, https:\/\/przedszkole62.edu.wroclaw.pl\/wp-content\/uploads\/sites\/26\/2019\/04\/IMG-2253-624x468.jpg 624w, https:\/\/przedszkole62.edu.wroclaw.pl\/wp-content\/uploads\/sites\/26\/2019\/04\/IMG-2253.jpg 1687w\" sizes=\"auto, (max-width: 1024px) 100vw, 1024px\" \/><figcaption>Przygotowane \u015bredniaki oczekuj\u0105 na powitanie wiosny<\/figcaption><\/figure><\/li><li class=\"blocks-gallery-item\"><figure><img loading=\"lazy\" decoding=\"async\" width=\"1024\" height=\"768\" src=\"https:\/\/przedszkole62.edu.wroclaw.pl\/wp-content\/uploads\/sites\/26\/2019\/04\/IMG-2119-1-3-1024x768.jpg\" alt=\"\" data-id=\"539\" data-link=\"https:\/\/przedszkole62.edu.wroclaw.pl\/?attachment_id=539\" class=\"wp-image-539\" srcset=\"https:\/\/przedszkole62.edu.wroclaw.pl\/wp-content\/uploads\/sites\/26\/2019\/04\/IMG-2119-1-3-1024x768.jpg 1024w, https:\/\/przedszkole62.edu.wroclaw.pl\/wp-content\/uploads\/sites\/26\/2019\/04\/IMG-2119-1-3-300x225.jpg 300w, https:\/\/przedszkole62.edu.wroclaw.pl\/wp-content\/uploads\/sites\/26\/2019\/04\/IMG-2119-1-3-768x576.jpg 768w, https:\/\/przedszkole62.edu.wroclaw.pl\/wp-content\/uploads\/sites\/26\/2019\/04\/IMG-2119-1-3-600x450.jpg 600w, https:\/\/przedszkole62.edu.wroclaw.pl\/wp-content\/uploads\/sites\/26\/2019\/04\/IMG-2119-1-3-624x468.jpg 624w\" sizes=\"auto, (max-width: 1024px) 100vw, 1024px\" \/><figcaption>Maluszki w roli bocian\u00f3w<\/figcaption><\/figure><\/li><li class=\"blocks-gallery-item\"><figure><img loading=\"lazy\" decoding=\"async\" width=\"768\" height=\"1024\" src=\"https:\/\/przedszkole62.edu.wroclaw.pl\/wp-content\/uploads\/sites\/26\/2019\/04\/IMG-2116-2-768x1024.jpg\" alt=\"\" data-id=\"540\" data-link=\"https:\/\/przedszkole62.edu.wroclaw.pl\/?attachment_id=540\" class=\"wp-image-540\" srcset=\"https:\/\/przedszkole62.edu.wroclaw.pl\/wp-content\/uploads\/sites\/26\/2019\/04\/IMG-2116-2-768x1024.jpg 768w, https:\/\/przedszkole62.edu.wroclaw.pl\/wp-content\/uploads\/sites\/26\/2019\/04\/IMG-2116-2-225x300.jpg 225w, https:\/\/przedszkole62.edu.wroclaw.pl\/wp-content\/uploads\/sites\/26\/2019\/04\/IMG-2116-2-600x800.jpg 600w, https:\/\/przedszkole62.edu.wroclaw.pl\/wp-content\/uploads\/sites\/26\/2019\/04\/IMG-2116-2-624x832.jpg 624w\" sizes=\"auto, (max-width: 768px) 100vw, 768px\" \/><figcaption>W oczekiwaniu na ciep\u0142e kie\u0142baski<\/figcaption><\/figure><\/li><li class=\"blocks-gallery-item\"><figure><img loading=\"lazy\" decoding=\"async\" width=\"1024\" height=\"768\" src=\"https:\/\/przedszkole62.edu.wroclaw.pl\/wp-content\/uploads\/sites\/26\/2019\/04\/IMG-2117-1-2-1024x768.jpg\" alt=\"\" data-id=\"541\" data-link=\"https:\/\/przedszkole62.edu.wroclaw.pl\/?attachment_id=541\" class=\"wp-image-541\" srcset=\"https:\/\/przedszkole62.edu.wroclaw.pl\/wp-content\/uploads\/sites\/26\/2019\/04\/IMG-2117-1-2-1024x768.jpg 1024w, https:\/\/przedszkole62.edu.wroclaw.pl\/wp-content\/uploads\/sites\/26\/2019\/04\/IMG-2117-1-2-300x225.jpg 300w, https:\/\/przedszkole62.edu.wroclaw.pl\/wp-content\/uploads\/sites\/26\/2019\/04\/IMG-2117-1-2-768x576.jpg 768w, https:\/\/przedszkole62.edu.wroclaw.pl\/wp-content\/uploads\/sites\/26\/2019\/04\/IMG-2117-1-2-600x450.jpg 600w, https:\/\/przedszkole62.edu.wroclaw.pl\/wp-content\/uploads\/sites\/26\/2019\/04\/IMG-2117-1-2-624x468.jpg 624w\" sizes=\"auto, (max-width: 1024px) 100vw, 1024px\" \/><figcaption>A tu ju\u017c zajadamy<\/figcaption><\/figure><\/li><li class=\"blocks-gallery-item\"><figure><img loading=\"lazy\" decoding=\"async\" width=\"640\" height=\"480\" src=\"https:\/\/przedszkole62.edu.wroclaw.pl\/wp-content\/uploads\/sites\/26\/2019\/04\/IMG-2248.jpg\" alt=\"\" data-id=\"542\" data-link=\"https:\/\/przedszkole62.edu.wroclaw.pl\/?attachment_id=542\" class=\"wp-image-542\" srcset=\"https:\/\/przedszkole62.edu.wroclaw.pl\/wp-content\/uploads\/sites\/26\/2019\/04\/IMG-2248.jpg 640w, https:\/\/przedszkole62.edu.wroclaw.pl\/wp-content\/uploads\/sites\/26\/2019\/04\/IMG-2248-300x225.jpg 300w, https:\/\/przedszkole62.edu.wroclaw.pl\/wp-content\/uploads\/sites\/26\/2019\/04\/IMG-2248-600x450.jpg 600w, https:\/\/przedszkole62.edu.wroclaw.pl\/wp-content\/uploads\/sites\/26\/2019\/04\/IMG-2248-624x468.jpg 624w\" sizes=\"auto, (max-width: 640px) 100vw, 640px\" \/><\/figure><\/li><li class=\"blocks-gallery-item\"><figure><img loading=\"lazy\" decoding=\"async\" width=\"768\" height=\"1024\" src=\"https:\/\/przedszkole62.edu.wroclaw.pl\/wp-content\/uploads\/sites\/26\/2019\/04\/IMG-2252-1-768x1024.jpg\" alt=\"\" data-id=\"543\" data-link=\"https:\/\/przedszkole62.edu.wroclaw.pl\/?attachment_id=543\" class=\"wp-image-543\" srcset=\"https:\/\/przedszkole62.edu.wroclaw.pl\/wp-content\/uploads\/sites\/26\/2019\/04\/IMG-2252-1-768x1024.jpg 768w, https:\/\/przedszkole62.edu.wroclaw.pl\/wp-content\/uploads\/sites\/26\/2019\/04\/IMG-2252-1-225x300.jpg 225w, https:\/\/przedszkole62.edu.wroclaw.pl\/wp-content\/uploads\/sites\/26\/2019\/04\/IMG-2252-1-600x800.jpg 600w, https:\/\/przedszkole62.edu.wroclaw.pl\/wp-content\/uploads\/sites\/26\/2019\/04\/IMG-2252-1-624x832.jpg 624w, https:\/\/przedszkole62.edu.wroclaw.pl\/wp-content\/uploads\/sites\/26\/2019\/04\/IMG-2252-1.jpg 949w\" sizes=\"auto, (max-width: 768px) 100vw, 768px\" \/><figcaption>Tymczasem trwaj\u0105 udane poszukiwania smako\u0142yk\u00f3w, kt\u00f3re zostawi\u0142a w ogr\u00f3dku Pani Wiosna<\/figcaption><\/figure><\/li><li class=\"blocks-gallery-item\"><figure><img loading=\"lazy\" decoding=\"async\" width=\"1024\" height=\"768\" src=\"https:\/\/przedszkole62.edu.wroclaw.pl\/wp-content\/uploads\/sites\/26\/2019\/04\/IMG-2249-1024x768.jpg\" alt=\"\" data-id=\"544\" data-link=\"https:\/\/przedszkole62.edu.wroclaw.pl\/?attachment_id=544\" class=\"wp-image-544\" srcset=\"https:\/\/przedszkole62.edu.wroclaw.pl\/wp-content\/uploads\/sites\/26\/2019\/04\/IMG-2249-1024x768.jpg 1024w, https:\/\/przedszkole62.edu.wroclaw.pl\/wp-content\/uploads\/sites\/26\/2019\/04\/IMG-2249-300x225.jpg 300w, https:\/\/przedszkole62.edu.wroclaw.pl\/wp-content\/uploads\/sites\/26\/2019\/04\/IMG-2249-768x576.jpg 768w, https:\/\/przedszkole62.edu.wroclaw.pl\/wp-content\/uploads\/sites\/26\/2019\/04\/IMG-2249-600x450.jpg 600w, https:\/\/przedszkole62.edu.wroclaw.pl\/wp-content\/uploads\/sites\/26\/2019\/04\/IMG-2249-624x468.jpg 624w\" sizes=\"auto, (max-width: 1024px) 100vw, 1024px\" \/><figcaption>Najedzeni wyruszamy na spacer <br>z Marzann\u0105<\/figcaption><\/figure><\/li><li class=\"blocks-gallery-item\"><figure><img loading=\"lazy\" decoding=\"async\" width=\"1024\" height=\"768\" src=\"https:\/\/przedszkole62.edu.wroclaw.pl\/wp-content\/uploads\/sites\/26\/2019\/04\/IMG-2250-1024x768.jpg\" alt=\"\" data-id=\"545\" data-link=\"https:\/\/przedszkole62.edu.wroclaw.pl\/?attachment_id=545\" class=\"wp-image-545\" srcset=\"https:\/\/przedszkole62.edu.wroclaw.pl\/wp-content\/uploads\/sites\/26\/2019\/04\/IMG-2250-1024x768.jpg 1024w, https:\/\/przedszkole62.edu.wroclaw.pl\/wp-content\/uploads\/sites\/26\/2019\/04\/IMG-2250-300x225.jpg 300w, https:\/\/przedszkole62.edu.wroclaw.pl\/wp-content\/uploads\/sites\/26\/2019\/04\/IMG-2250-768x576.jpg 768w, https:\/\/przedszkole62.edu.wroclaw.pl\/wp-content\/uploads\/sites\/26\/2019\/04\/IMG-2250-600x450.jpg 600w, https:\/\/przedszkole62.edu.wroclaw.pl\/wp-content\/uploads\/sites\/26\/2019\/04\/IMG-2250-624x468.jpg 624w\" sizes=\"auto, (max-width: 1024px) 100vw, 1024px\" \/><\/figure><\/li><\/ul>\n\n\n","protected":false},"excerpt":{"rendered":"<p>POWITANIE WIOSNY<\/p>\n","protected":false},"author":15,"featured_media":0,"parent":52,"menu_order":0,"comment_status":"closed","ping_status":"closed","template":"","meta":{"ngg_post_thumbnail":0,"footnotes":""},"class_list":["post-112","page","type-page","status-publish","hentry","clearfix"],"_links":{"self":[{"href":"https:\/\/przedszkole62.edu.wroclaw.pl\/index.php\/wp-json\/wp\/v2\/pages\/112","targetHints":{"allow":["GET"]}}],"collection":[{"href":"https:\/\/przedszkole62.edu.wroclaw.pl\/index.php\/wp-json\/wp\/v2\/pages"}],"about":[{"href":"https:\/\/przedszkole62.edu.wroclaw.pl\/index.php\/wp-json\/wp\/v2\/types\/page"}],"author":[{"embeddable":true,"href":"https:\/\/przedszkole62.edu.wroclaw.pl\/index.php\/wp-json\/wp\/v2\/users\/15"}],"replies":[{"embeddable":true,"href":"https:\/\/przedszkole62.edu.wroclaw.pl\/index.php\/wp-json\/wp\/v2\/comments?post=112"}],"version-history":[{"count":22,"href":"https:\/\/przedszkole62.edu.wroclaw.pl\/index.php\/wp-json\/wp\/v2\/pages\/112\/revisions"}],"predecessor-version":[{"id":549,"href":"https:\/\/przedszkole62.edu.wroclaw.pl\/index.php\/wp-json\/wp\/v2\/pages\/112\/revisions\/549"}],"up":[{"embeddable":true,"href":"https:\/\/przedszkole62.edu.wroclaw.pl\/index.php\/wp-json\/wp\/v2\/pages\/52"}],"wp:attachment":[{"href":"https:\/\/przedszkole62.edu.wroclaw.pl\/index.php\/wp-json\/wp\/v2\/media?parent=112"}],"curies":[{"name":"wp","href":"https:\/\/api.w.org\/{rel}","templated":true}]}}