
{"id":1261,"date":"2020-09-23T10:39:45","date_gmt":"2020-09-23T08:39:45","guid":{"rendered":"https:\/\/przedszkole62.edu.wroclaw.pl\/?page_id=1261"},"modified":"2023-11-30T11:22:52","modified_gmt":"2023-11-30T10:22:52","slug":"deklaracja-dostepnosci","status":"publish","type":"page","link":"https:\/\/przedszkole62.edu.wroclaw.pl\/index.php\/deklaracja-dostepnosci\/","title":{"rendered":"Deklaracja dost\u0119pno\u015bci"},"content":{"rendered":"<div class=\"wpb-content-wrapper\"><p>[vc_row][vc_column width=&#8221;5\/6&#8243;][\/vc_column][vc_column width=&#8221;1\/6&#8243;][vc_btn title=&#8221;Raport dost\u0119pno\u015bci&#8221; style=&#8221;outline&#8221; color=&#8221;mulled-wine&#8221; size=&#8221;lg&#8221; align=&#8221;center&#8221; i_align=&#8221;right&#8221; i_icon_fontawesome=&#8221;far fa-file-pdf&#8221; add_icon=&#8221;true&#8221; link=&#8221;url:%2Fwp-content%2Fuploads%2Fsites%2F26%2F2021%2F04%2Fraport-o-stanie-zapewnienia-dostepnosci.pdf|title:Raport%20dost%C4%99pno%C5%9Bci|target:_blank&#8221;][\/vc_column][\/vc_row][vc_row][vc_column][vc_column_text]<\/p>\n<p style=\"text-align: center;\"><strong>O\u015aWIADCZENIE W SPRAWIE DOST\u0118PNO\u015aCI SERWISU INTERNETOWEGO <\/strong><\/p>\n<p style=\"text-align: center;\"><a href=\"http:\/\/www.przedszkole62.edu.wroclaw.pl\"><strong>www.przedszkole62.edu.wroclaw.pl<\/strong><\/a> <strong>&nbsp;PRZEDSZKOLA NR 62 WE WROC\u0141AWIU<\/strong><\/p>\n<p><strong>&nbsp;<\/strong><\/p>\n<p><strong>Przedszkole nr 62 Stumilowy Las, ul. Stab\u0142owicka 97 we Wroc\u0142awiu<\/strong> zobowi\u0105zuje si\u0119 zapewni\u0107 dost\u0119pno\u015b\u0107 swoich stron internetowych oraz aplikacji mobilnych zgodnie z Ustaw\u0105 z dnia 4 kwietnia 2019 r. o dost\u0119pno\u015bci cyfrowej stron internetowych i&nbsp;aplikacji mobilnych podmiot\u00f3w publicznych.<\/p>\n<p><strong>Status pod wzgl\u0119dem zgodno\u015bci <\/strong><\/p>\n<p>Strona internetowa jest <strong>cz\u0119\u015bciowo zgodna<\/strong> z ustaw\u0105 z dnia 4 kwietnia 2019 r. o dost\u0119pno\u015bci cyfrowej stron internetowych i aplikacji mobilnych podmiot\u00f3w publicznych z powodu niezgodno\u015bci lub wy\u0142\u0105cze\u0144 wymienionych poni\u017cej.<\/p>\n<p>&nbsp;<\/p>\n<p><strong>Tre\u015bci niedost\u0119pne:<\/strong><strong>&nbsp;<\/strong><\/p>\n<ul>\n<li>brak cz\u0119\u015bci opis\u00f3w alternatywnych i tytu\u0142\u00f3w dla cz\u0119\u015bci zdj\u0119\u0107 i obrazk\u00f3w,<\/li>\n<li>cz\u0119\u015b\u0107 dokument\u00f3w PDF posiada b\u0142\u0119dy w warstwie tekstowej (po skanowaniu\/OCR),<\/li>\n<li>dokumenty PDF nie s\u0105 poprawnie odczytywane przez programy dla os\u00f3b niewidz\u0105cych (np. nieprawid\u0142owo przygotowane tabele, wykresy, obrazki, brak sekcji nawigacyjnych, tytu\u0142u itp.),<\/li>\n<li>brak audio deskrypcji dla materia\u0142\u00f3w multimedialnych.<\/li>\n<\/ul>\n<p>&nbsp;<\/p>\n<p><strong>Wy\u0142\u0105czenia:<\/strong><\/p>\n<ul>\n<li>zdj\u0119cia, obrazki oraz pliki PDF zosta\u0142y opublikowane przed wej\u015bciem w \u017cycie ustawy o dost\u0119pno\u015bci cyfrowej, poprawienie dost\u0119pno\u015bci strony nios\u0142oby za sob\u0105 nadmierne obci\u0105\u017cenia dla podmiotu publicznego,<\/li>\n<li>mapy s\u0105 wy\u0142\u0105czone z obowi\u0105zku zapewniania dost\u0119pno\u015bci.<\/li>\n<\/ul>\n<p><strong>&nbsp;<\/strong><\/p>\n<p><strong>Przygotowanie o\u015bwiadczenia w sprawie dost\u0119pno\u015bci <\/strong><\/p>\n<p>Niniejsze o\u015bwiadczenie sporz\u0105dzono dnia <strong>22.09.2020 r.<\/strong><\/p>\n<p>O\u015bwiadczenie zosta\u0142o ostatnio poddane przegl\u0105dowi w dniu <strong>22.09.2020 r. <\/strong><\/p>\n<p>&nbsp;<\/p>\n<p><strong>Informacja o sposobie dokonania oceny<\/strong><\/p>\n<p>Ocena zosta\u0142a przeprowadzona zgodnie z list\u0105 kontroln\u0105 WCAG na podstawie samooceny dokonanej przez organ sektora publicznego zgodnie z wytycznymi zawartymi w Podr\u0119czniku Dobrych Praktyk \u2013 WCAG <a href=\"http:\/\/widzialni.org\/\"><strong>Fundacji Widzialni<\/strong><\/a>, oraz narz\u0119dzi weryfikuj\u0105cych, w kt\u00f3rych po analizie uzyskano wynik pozytywny z zastrze\u017ceniami.<\/p>\n<p>&nbsp;<\/p>\n<p><strong>Tre\u015bci niedost\u0119pne:<\/strong><\/p>\n<p><strong>&nbsp;<\/strong>brak opis\u00f3w alternatywnych i tytu\u0142\u00f3w dla cz\u0119\u015bci zdj\u0119\u0107 i obrazk\u00f3w,<\/p>\n<p>cz\u0119\u015b\u0107 dokument\u00f3w PDF posiada b\u0142\u0119dy w warstwie tekstowej (po skanowaniu\/OCR),<\/p>\n<p>dokumenty PDF nie s\u0105 poprawnie odczytywane przez programy dla os\u00f3b niewidz\u0105cych (np. nieprawid\u0142owo przygotowane tabele, wykresy, obrazki, brak sekcji nawigacyjnych, tytu\u0142u itp.),<\/p>\n<p>brak audio deskrypcji dla materia\u0142\u00f3w multimedialnych,<\/p>\n<p>niepoprawny kontrast pomi\u0119dzy kolorem tekstu i\/lub link\u00f3w a kolorem t\u0142a.<\/p>\n<p>&nbsp;<\/p>\n<p><strong>Skr\u00f3ty klawiszowe<\/strong><\/p>\n<p>Domy\u015ble skr\u00f3ty klawiszowe przegl\u0105darek internetowych.<\/p>\n<p><strong>Dost\u0119pno\u015b\u0107 architektoniczna siedziby <\/strong><\/p>\n<p>Przedszkole nr 62 Stumilowy Las we Wroc\u0142awiu mieszcz\u0105ce si\u0119 przy ulicy Stab\u0142owickiej 97 we&nbsp;Wroc\u0142awiu jest cz\u0119\u015bciowo jest przystosowane dla os\u00f3b niepe\u0142nosprawnych.<\/p>\n<p>Do budynku prowadzi 1 wej\u015bcie&nbsp; g\u0142\u00f3wne od ul. Stab\u0142owickiej. Do wej\u015bcia prowadz\u0105 schody. Przy schodach znajduje si\u0119 podjazd dla w\u00f3zk\u00f3w. Dalsze przej\u015bcie zabezpieczone jest drzwiami, przez kt\u00f3re mo\u017ce przejecha\u0107 osoba na w\u00f3zku. Dla os\u00f3b na w\u00f3zkach dost\u0119pny jest tylko korytarz i pomieszczenia na parterze. Na pierwsze pi\u0119tro&nbsp; nie ma windy ani platformy przy schodowej.<\/p>\n<p>&nbsp;Toaleta dla os\u00f3b niepe\u0142nosprawnych znajduje si\u0119 na parterze na wprost szatni dla dzieci.<\/p>\n<p>&nbsp;Przed budynkiem znajduje si\u0119 parking, ale brak wyznaczonych miejsc parkingowych dla os\u00f3b niepe\u0142nosprawnych.<\/p>\n<p>Do budynku i wszystkich jego pomieszcze\u0144 mo\u017cna wej\u015b\u0107 z psem asystuj\u0105cym i psem przewodnikiem.<\/p>\n<p>W plac\u00f3wce nie ma p\u0119tli indukcyjnych .<\/p>\n<p>&nbsp;W budynku nie ma oznacze\u0144 w alfabecie brajla ani oznacze\u0144 kontrastowych lub w druku powi\u0119kszonym dla os\u00f3b niewidomych i s\u0142abowidz\u0105cych.<\/p>\n<p><strong>Dost\u0119pno\u015b\u0107 t\u0142umacza j\u0119zyka migowego<\/strong><\/p>\n<p>W plac\u00f3wce&nbsp; nie mo\u017cna skorzysta\u0107 z t\u0142umacza polskiego j\u0119zyka migowego .<\/p>\n<p><strong>Informacje zwrotne i dane kontaktowe <\/strong><\/p>\n<p>Przedszkole nr 62 Stumilowy Las dok\u0142ada wszelkich stara\u0144, aby u\u017cytkownicy serwisu internetowego <a href=\"http:\/\/www.przedszkole62.edu.wroclaw.pl\">www.przedszkole62.edu.wroclaw.pl<\/a> &nbsp;mieli pe\u0142ny dost\u0119p do jego tre\u015bci, mogli te tre\u015bci zrozumie\u0107 oraz aby wygodna nawigacja umo\u017cliwia\u0142a logiczne i intuicyjne korzystanie z serwisu. Staramy si\u0119 na bie\u017c\u0105co usuwa\u0107 stwierdzone bariery dost\u0119pno\u015bci strony internetowej <a href=\"http:\/\/www.przedszkole62.edu.wroclaw.pl\">www.przedszkole62.edu.wroclaw.pl<\/a><\/p>\n<p>Je\u015bli stwierdzisz, \u017ce serwis <a href=\"http:\/\/www.przedszkole62.edu.wroclaw.pl\">www.przedszkole62.edu.wroclaw.pl<\/a> nie jest dla Ciebie w pe\u0142ni dost\u0119pny, prosimy skontaktuj si\u0119 z&nbsp;nami telefonicznie lub mailowo:<\/p>\n<h6>Przedszkole nr 62 Stumilowy Las, ul. Stab\u0142owicka 97, 54-062 Wroc\u0142aw , telefon. 71\/7986805,<\/h6>\n<h6>&nbsp;mail: <a href=\"mailto:sekretariat.p062@wroclawskaedukacja.pl\">sekretariat.p062@wroclawskaedukacja.pl<\/a><\/h6>\n<p>lub bezpo\u015brednio z osob\u0105 wyznaczon\u0105 do realizacji spraw w zakresie dost\u0119pno\u015bci cyfrowej:<\/p>\n<p>Teresa Galant \u2013 dyrektor przedszkola nr 62<\/p>\n<p><strong>&nbsp;<\/strong><\/p>\n<p><strong>Post\u0119powanie odwo\u0142awcze <\/strong><\/p>\n<p>Rozpatrzenie zg\u0142oszenia powinno nast\u0105pi\u0107 niezw\u0142ocznie, najp\u00f3\u017aniej w ci\u0105gu 7 dni. Je\u015bli w tym terminie zapewnienie dost\u0119pno\u015bci albo zapewnienie dost\u0119pu w alternatywnej formie nie jest mo\u017cliwe, podmiot niezw\u0142ocznie informuje o tym wnosz\u0105cego \u017c\u0105danie , kiedy realizacja \u017c\u0105dania b\u0119dzie mo\u017cliwa, przy czym termin ten nie mo\u017ce by\u0107 d\u0142u\u017cszy ni\u017c 2 miesi\u0105ce od daty wyst\u0105pienia zg\u0142oszenia.<\/p>\n<p>Je\u017celi zapewnienie dost\u0119pno\u015bci cyfrowej nie jest mo\u017cliwe, podmiot publiczny mo\u017ce zaproponowa\u0107 alternatywny spos\u00f3b dost\u0119pu do informacji. W przypadku, gdy podmiot publiczny odm\u00f3wi realizacji \u017c\u0105dania zapewnienia dost\u0119pno\u015bci lub alternatywnego sposobu dost\u0119pu do informacji, wnosz\u0105cy \u017c\u0105danie mo\u017cne z\u0142o\u017cy\u0107 skarg\u0119 w sprawie zapewniana dost\u0119pno\u015bci cyfrowej strony internetowej, aplikacji mobilnej lub elementu strony internetowej, lub aplikacji mobilnej.<\/p>\n<p>Po wyczerpaniu wskazanej wy\u017cej procedury mo\u017cna tak\u017ce z\u0142o\u017cy\u0107 wniosek do Rzecznika Praw Obywatelskich. <a href=\"http:\/\/www.rpo.gov.pl\/content\/kontakt\">www.rpo.gov.pl\/content\/kontakt<\/a><\/p>\n<p>&nbsp;<\/p>\n<p><strong>Data publikacji witryny: 04.04.2017 r. <\/strong><\/p>\n<p><strong>Data ostatniej aktualizacji: 23.09.2020 r. <\/strong><\/p>\n<p>&nbsp;<\/p>\n<p><strong>Przydatne linki<\/strong><\/p>\n<ul>\n<li><a href=\"http:\/\/wcag21.fdc.org.pl\/\"><strong>Web Content Accessibility Guidelines 2.1<\/strong><\/a><\/li>\n<li><a href=\"http:\/\/www.fdc.org.pl\/wcag2\/\"><strong>Polskie t\u0142umaczenie WCAG<\/strong><\/a><\/li>\n<li><a href=\"https:\/\/www.rpo.gov.pl\/\"><strong>Rzecznik Praw Obywatelskich<\/strong><\/a><\/li>\n<\/ul>\n<p>[\/vc_column_text][\/vc_column][\/vc_row]<\/p>\n<\/div>","protected":false},"excerpt":{"rendered":"<p>[vc_row][vc_column width=&#8221;5\/6&#8243;][\/vc_column][vc_column width=&#8221;1\/6&#8243;][vc_btn title=&#8221;Raport dost\u0119pno\u015bci&#8221; style=&#8221;outline&#8221; color=&#8221;mulled-wine&#8221; size=&#8221;lg&#8221; align=&#8221;center&#8221; i_align=&#8221;right&#8221; i_icon_fontawesome=&#8221;far fa-file-pdf&#8221; add_icon=&#8221;true&#8221; link=&#8221;url:%2Fwp-content%2Fuploads%2Fsites%2F26%2F2021%2F04%2Fraport-o-stanie-zapewnienia-dostepnosci.pdf|title:Raport%20dost%C4%99pno%C5%9Bci|target:_blank&#8221;][\/vc_column][\/vc_row][vc_row][vc_column][vc_column_text] O\u015aWIADCZENIE W SPRAWIE DOST\u0118PNO\u015aCI SERWISU INTERNETOWEGO www.przedszkole62.edu.wroclaw.pl &nbsp;PRZEDSZKOLA NR 62 WE WROC\u0141AWIU &nbsp; Przedszkole nr 62 [&hellip;]<\/p>\n","protected":false},"author":72,"featured_media":0,"parent":0,"menu_order":0,"comment_status":"closed","ping_status":"closed","template":"","meta":{"ngg_post_thumbnail":0,"footnotes":""},"class_list":["post-1261","page","type-page","status-publish","hentry","clearfix"],"_links":{"self":[{"href":"https:\/\/przedszkole62.edu.wroclaw.pl\/index.php\/wp-json\/wp\/v2\/pages\/1261","targetHints":{"allow":["GET"]}}],"collection":[{"href":"https:\/\/przedszkole62.edu.wroclaw.pl\/index.php\/wp-json\/wp\/v2\/pages"}],"about":[{"href":"https:\/\/przedszkole62.edu.wroclaw.pl\/index.php\/wp-json\/wp\/v2\/types\/page"}],"author":[{"embeddable":true,"href":"https:\/\/przedszkole62.edu.wroclaw.pl\/index.php\/wp-json\/wp\/v2\/users\/72"}],"replies":[{"embeddable":true,"href":"https:\/\/przedszkole62.edu.wroclaw.pl\/index.php\/wp-json\/wp\/v2\/comments?post=1261"}],"version-history":[{"count":3,"href":"https:\/\/przedszkole62.edu.wroclaw.pl\/index.php\/wp-json\/wp\/v2\/pages\/1261\/revisions"}],"predecessor-version":[{"id":2310,"href":"https:\/\/przedszkole62.edu.wroclaw.pl\/index.php\/wp-json\/wp\/v2\/pages\/1261\/revisions\/2310"}],"wp:attachment":[{"href":"https:\/\/przedszkole62.edu.wroclaw.pl\/index.php\/wp-json\/wp\/v2\/media?parent=1261"}],"curies":[{"name":"wp","href":"https:\/\/api.w.org\/{rel}","templated":true}]}}