
{"id":216,"date":"2018-04-06T11:51:46","date_gmt":"2018-04-06T09:51:46","guid":{"rendered":"https:\/\/przedszkole62.edu.wroclaw.pl\/?page_id=216"},"modified":"2026-01-29T15:42:08","modified_gmt":"2026-01-29T14:42:08","slug":"dokumenty","status":"publish","type":"page","link":"https:\/\/przedszkole62.edu.wroclaw.pl\/index.php\/dokumenty\/","title":{"rendered":"Dokumenty"},"content":{"rendered":"<div class=\"wpb-content-wrapper\"><p>[vc_row][vc_column][vc_column_text]<\/p>\r\n<p><!-- \/wp:post-content -->[\/vc_column_text][vc_tta_tour][vc_tta_section title=&#8221;REKRUTACJA 2026 &#8211; ZASADY I MATERIA\u0141Y&#8221; tab_id=&#8221;1738311973715-1ac92005-6528&#8243;][vc_column_text css=&#8221;&#8221;]<\/p>\r\n<p>Drodzy Rodzice,<br \/>w zwi\u0105zku z planowan\u0105 <strong><span style=\"color: #ff0000\">Rekrutacj\u0105 do przedszkoli i oddzia\u0142\u00f3w przedszkolnych<\/span><\/strong> umieszczamy dla Pa\u0144stwa materia\u0142y dotycz\u0105ce tegorocznej rekrutacji:<\/p>\r\n<p><a href=\"https:\/\/przedszkole62.edu.wroclaw.pl\/wp-content\/uploads\/sites\/26\/2026\/01\/FW_-REKRUTACJA-2026-P-HARMONOGRAM-TECHNICZNY-ZASADY-MATERIALY-PROMOCYJNE.zip\">FW_ REKRUTACJA 2026 &#8211; P &#8211; HARMONOGRAM TECHNICZNY, ZASADY, MATERIA\u0141Y PROMOCYJNE<\/a><\/p>\r\n<p><img loading=\"lazy\" decoding=\"async\" class=\"alignnone size-medium wp-image-5842\" src=\"https:\/\/przedszkole62.edu.wroclaw.pl\/wp-content\/uploads\/sites\/26\/2026\/01\/BIULETYN-STR-1-248x300.jpg\" alt=\"\" width=\"248\" height=\"300\" srcset=\"https:\/\/przedszkole62.edu.wroclaw.pl\/wp-content\/uploads\/sites\/26\/2026\/01\/BIULETYN-STR-1-248x300.jpg 248w, https:\/\/przedszkole62.edu.wroclaw.pl\/wp-content\/uploads\/sites\/26\/2026\/01\/BIULETYN-STR-1-845x1024.jpg 845w, https:\/\/przedszkole62.edu.wroclaw.pl\/wp-content\/uploads\/sites\/26\/2026\/01\/BIULETYN-STR-1-768x930.jpg 768w, https:\/\/przedszkole62.edu.wroclaw.pl\/wp-content\/uploads\/sites\/26\/2026\/01\/BIULETYN-STR-1-1268x1536.jpg 1268w, https:\/\/przedszkole62.edu.wroclaw.pl\/wp-content\/uploads\/sites\/26\/2026\/01\/BIULETYN-STR-1-1691x2048.jpg 1691w\" sizes=\"auto, (max-width: 248px) 100vw, 248px\" \/><img loading=\"lazy\" decoding=\"async\" class=\"alignnone size-medium wp-image-5843\" src=\"https:\/\/przedszkole62.edu.wroclaw.pl\/wp-content\/uploads\/sites\/26\/2026\/01\/BIULETYN-STR-2-3-300x182.jpg\" alt=\"\" width=\"300\" height=\"182\" srcset=\"https:\/\/przedszkole62.edu.wroclaw.pl\/wp-content\/uploads\/sites\/26\/2026\/01\/BIULETYN-STR-2-3-300x182.jpg 300w, https:\/\/przedszkole62.edu.wroclaw.pl\/wp-content\/uploads\/sites\/26\/2026\/01\/BIULETYN-STR-2-3-1024x620.jpg 1024w, https:\/\/przedszkole62.edu.wroclaw.pl\/wp-content\/uploads\/sites\/26\/2026\/01\/BIULETYN-STR-2-3-768x465.jpg 768w, https:\/\/przedszkole62.edu.wroclaw.pl\/wp-content\/uploads\/sites\/26\/2026\/01\/BIULETYN-STR-2-3-1536x930.jpg 1536w, https:\/\/przedszkole62.edu.wroclaw.pl\/wp-content\/uploads\/sites\/26\/2026\/01\/BIULETYN-STR-2-3-2048x1240.jpg 2048w\" sizes=\"auto, (max-width: 300px) 100vw, 300px\" \/><img loading=\"lazy\" decoding=\"async\" class=\"alignnone size-medium wp-image-5844\" src=\"https:\/\/przedszkole62.edu.wroclaw.pl\/wp-content\/uploads\/sites\/26\/2026\/01\/BIULETYN-STR-4-248x300.jpg\" alt=\"\" width=\"248\" height=\"300\" srcset=\"https:\/\/przedszkole62.edu.wroclaw.pl\/wp-content\/uploads\/sites\/26\/2026\/01\/BIULETYN-STR-4-248x300.jpg 248w, https:\/\/przedszkole62.edu.wroclaw.pl\/wp-content\/uploads\/sites\/26\/2026\/01\/BIULETYN-STR-4-845x1024.jpg 845w, https:\/\/przedszkole62.edu.wroclaw.pl\/wp-content\/uploads\/sites\/26\/2026\/01\/BIULETYN-STR-4-768x930.jpg 768w, https:\/\/przedszkole62.edu.wroclaw.pl\/wp-content\/uploads\/sites\/26\/2026\/01\/BIULETYN-STR-4-1268x1536.jpg 1268w, https:\/\/przedszkole62.edu.wroclaw.pl\/wp-content\/uploads\/sites\/26\/2026\/01\/BIULETYN-STR-4-1691x2048.jpg 1691w\" sizes=\"auto, (max-width: 248px) 100vw, 248px\" \/><\/p>\r\n<p>[\/vc_column_text][\/vc_tta_section][vc_tta_section title=&#8221;Dokumenty przedszkolne&#8221; tab_id=&#8221;1701257363616-9dfc8f2b-d08c&#8221;][vc_column_text css=&#8221;&#8221;]<\/p>\r\n<p><a href=\"https:\/\/przedszkole62.edu.wroclaw.pl\/wp-content\/uploads\/sites\/26\/2024\/10\/Statut-Przedszkola.doc\">Statut Przedszkola<\/a><\/p>\r\n<p>[\/vc_column_text][vc_column_text css=&#8221;&#8221;]<\/p>\r\n<p><a href=\"https:\/\/przedszkole62.edu.wroclaw.pl\/wp-content\/uploads\/sites\/26\/2024\/07\/Standardy-Ochrony-Maloletnich.docx\">Standardy Ochrony Ma\u0142oletnich<\/a><\/p>\r\n<p>[\/vc_column_text][vc_column_text]<\/p>\r\n<p><a href=\"https:\/\/przedszkole62.edu.wroclaw.pl\/wp-content\/uploads\/sites\/26\/2024\/04\/Procedura-organizacji-i-udzielania-pomocy-psychologiczno-pedagogicznej-w-Przedszkolu-nr-62.docx\">Procedura organizacji i udzielania pomocy psychologiczno-pedagogicznej w Przedszkolu nr 62<\/a><\/p>\r\n<p>[\/vc_column_text][vc_column_text css=&#8221;&#8221;]<\/p>\r\n<p><a href=\"https:\/\/przedszkole62.edu.wroclaw.pl\/wp-content\/uploads\/sites\/26\/2024\/08\/wniosek-o-wydanie-opinii.docx\">wniosek-o-wydanie-opinii<\/a><\/p>\r\n<p>[\/vc_column_text][vc_column_text css=&#8221;&#8221;]<\/p>\r\n<p><a href=\"https:\/\/przedszkole62.edu.wroclaw.pl\/wp-content\/uploads\/sites\/26\/2024\/08\/uchwala-RM-LVII.1513.22.pdf\">uchwala-RM-LVII.1513.22<\/a><\/p>\r\n<p>[\/vc_column_text][vc_column_text css=&#8221;&#8221;]<\/p>\r\n<p><a href=\"https:\/\/przedszkole62.edu.wroclaw.pl\/wp-content\/uploads\/sites\/26\/2024\/08\/uchwala-zmieniajaca-LXIX-1791-23.pdf\">uchwala-zmieniajaca-LXIX-1791-23<\/a><\/p>\r\n<p>[\/vc_column_text][vc_column_text css=&#8221;&#8221;]<\/p>\r\n<p><a href=\"https:\/\/przedszkole62.edu.wroclaw.pl\/wp-content\/uploads\/sites\/26\/2024\/08\/UCHWALA-NR-III-18-24.pdf\">UCHWA\u0141A NR III-18-24<\/a><\/p>\r\n<p>[\/vc_column_text][vc_column_text css=&#8221;&#8221;][\/vc_column_text][\/vc_tta_section][vc_tta_section title=&#8221;PRAWA DZIECKA&#8221; tab_id=&#8221;1701257497381-cb3598e2-a1a5&#8243;][vc_column_text css=&#8221;&#8221;]<\/p>\r\n<p><a href=\"https:\/\/przedszkole62.edu.wroclaw.pl\/wp-content\/uploads\/sites\/26\/2024\/10\/prawo-do-nauki.pdf\">prawo-do-nauki<\/a><\/p>\r\n<p><a href=\"https:\/\/przedszkole62.edu.wroclaw.pl\/wp-content\/uploads\/sites\/26\/2024\/10\/prawo-do-rodziny.pdf\">prawo-do-rodziny<\/a><\/p>\r\n<p><a href=\"https:\/\/przedszkole62.edu.wroclaw.pl\/wp-content\/uploads\/sites\/26\/2024\/10\/prawo-do-wypowiedzi.pdf\">prawo-do-wypowiedzi<\/a><\/p>\r\n<p><a href=\"https:\/\/przedszkole62.edu.wroclaw.pl\/wp-content\/uploads\/sites\/26\/2024\/10\/prawo-do-zycia-bez-przemocy.pdf\">prawo-do-\u017cycia-bez-przemocy<\/a><\/p>\r\n<p><a href=\"https:\/\/przedszkole62.edu.wroclaw.pl\/wp-content\/uploads\/sites\/26\/2024\/10\/prawo-do-zycia-i-rozwoju.pdf\">prawo-do-\u017cycia-i-rozwoju<\/a><\/p>\r\n<p><a href=\"https:\/\/przedszkole62.edu.wroclaw.pl\/wp-content\/uploads\/sites\/26\/2024\/10\/odpowiedzialnosc-rodzicow.pdf\">odpowiedzialno\u015b\u0107-rodzic\u00f3w<\/a><\/p>\r\n<p><a href=\"https:\/\/przedszkole62.edu.wroclaw.pl\/wp-content\/uploads\/sites\/26\/2024\/10\/prawo-dla-wszystkich.pdf\">prawo-dla-wszystkich<\/a><\/p>\r\n<p>\u0179R\u00d3D\u0141O: https:\/\/panimonia.pl\/2020\/11\/19\/prawa-dziecka-ogolnopolski-dzien-praw-dziecka\/<\/p>\r\n<p>[\/vc_column_text][\/vc_tta_section][\/vc_tta_tour][\/vc_column][\/vc_row][vc_row disable_element=&#8221;yes&#8221;][vc_column width=&#8221;1\/2&#8243;][vc_column_text]<\/p>\r\n<h2>Rekrutacja<\/h2>\r\n<p><span style=\"font-size: 12pt\"><a href=\"https:\/\/przedszkole62.edu.wroclaw.pl\/wp-content\/uploads\/sites\/26\/2021\/02\/KRYTERIA-REKRUTACJI-PRZEDSZKOLA-2021-2022.pdf\">KRYTERIA REKRUTACJI &#8211; PRZEDSZKOLA 2021-2022<\/a><\/span><\/p>\r\n<h2><span style=\"font-size: 12pt\"><a href=\"https:\/\/przedszkole62.edu.wroclaw.pl\/wp-content\/uploads\/sites\/26\/2021\/02\/HARMONOGRAM-DLA-RODZICA-PRZEDSZKOLA-2021-2022.pdf\">HARMONOGRAM DLA RODZICA &#8211; PRZEDSZKOLA 2021-2022<\/a><\/span><\/h2>\r\n<p><span style=\"font-size: 12pt\"><a href=\"https:\/\/przedszkole62.edu.wroclaw.pl\/wp-content\/uploads\/sites\/26\/2021\/03\/Biuletyn28wroRekrutacja2021.pdf\">Biuletyn28wroRekrutacja2021<\/a><\/span><\/p>\r\n<h2>Ramowy rozk\u0142ad dnia w przedszkolu<\/h2>\r\n<p><a href=\"https:\/\/przedszkole62.edu.wroclaw.pl\/wp-content\/uploads\/sites\/26\/2021\/02\/Ramowy-rozklad-dnia-w-przedszkolu-IX-2017.doc\">Ramowy rozk\u0142ad dnia w przedszkolu <\/a><\/p>\r\n<h2>Statut<\/h2>\r\n<p style=\"text-align: center\"><!-- wp:heading --><\/p>\r\n<p><a href=\"https:\/\/przedszkole62.edu.wroclaw.pl\/wp-content\/uploads\/sites\/26\/2023\/07\/Statut-Przedszkola-nr-62.pdf\">Statut Przedszkola nr 62 [pdf 690KB]<\/a><\/p>\r\n<p>[\/vc_column_text][\/vc_column][vc_column width=&#8221;1\/2&#8243;][vc_column_text]<\/p>\r\n<h2>Szanowni Rodzice, Drodzy Opiekunowie,<\/h2>\r\n<p>je\u015bli wasze dziecko jest kandydatem do przedszkola, klasy I Szko\u0142y Podstawowej lub Szko\u0142y Ponadpodstawowej na rok szkolny 2021\/2022 mo\u017cecie skorzysta\u0107 z mo\u017cliwo\u015bci z\u0142o\u017cenia wniosku rekrutacyjnego w formie elektronicznej z podpisem zaufanym.<br \/>W dobie pandemii nie ma konieczno\u015bci, aby udawali si\u0119 Pa\u0144stwo osobi\u015bcie z wydrukowanym wnioskiem rekrutacyjnym do przedszkola lub szko\u0142y. Wszystko b\u0119dzie mo\u017cna za\u0142atwi\u0107 nie ruszaj\u0105c si\u0119 sprzed ekranu domowego komputera. Podczas rekrutacji do plac\u00f3wek o\u015bwiatowych znajduj\u0105cych si\u0119 w ofercie na stronie rekrutacje.edu.wroclaw.pl w 2021 roku wprowadzono mo\u017cliwo\u015b\u0107 podpisu wniosku profilem zaufanym. Aby skorzysta\u0107 z podpisu zaufanego, trzeba za\u0142\u0105czy\u0107 w systemie dokumenty potwierdzaj\u0105ce spe\u0142nienie okre\u015blonych kryteri\u00f3w. O tym, jakie pliki nale\u017cy do\u0142\u0105czy\u0107, poinformuje system elektronicznej rekrutacji.<br \/><b><u>UM Wroc\u0142awia rekomenduje sk\u0142adanie wniosk\u00f3w drog\u0105 elektroniczn\u0105.<\/u><\/b><br \/>Je\u015bli nie jeste\u015bcie posiadaczem profilu zaufanego &#8211; mo\u017cecie dowiedzie\u0107 si\u0119 jak go za\u0142o\u017cy\u0107 pod adresem\u00a0<b>l.wroclaw.pl\/profil-zaufany<\/b><br \/><b>Szczeg\u00f3\u0142y dot. rekrutacji znajd\u0105 Pa\u0144stwo na stronie<\/b><a href=\"https:\/\/www.wroclaw.pl\/portal\/rekrutacja-szkoly-i-przedszkola-wroclaw\" rel=\"noopener noreferrer\" data-saferedirecturl=\"https:\/\/zasobygwp.pl\/redirect?sig=f7b4cb4d662ed97ce4718dadd7a5d9c85142f21517ab923fa428780ea44739b9&amp;url=aHR0cHM6Ly93d3cud3JvY2xhdy5wbC9wb3J0YWwvcmVrcnV0YWNqYS1zemtvbHktaS1wcnplZHN6a29sYS13cm9jbGF3&amp;platform=desktop&amp;brand=wp\"><b>\u00a0www.wroclaw.pl\/portal\/rekrutacja-szkoly-i-przedszkola-wroclaw<\/b><\/a><\/p>\r\n<p>[\/vc_column_text][\/vc_column][\/vc_row]<\/p><\/div>","protected":false},"excerpt":{"rendered":"<p>[vc_row][vc_column][vc_column_text] [\/vc_column_text][vc_tta_tour][vc_tta_section title=&#8221;REKRUTACJA 2026 &#8211; ZASADY I MATERIA\u0141Y&#8221; tab_id=&#8221;1738311973715-1ac92005-6528&#8243;][vc_column_text css=&#8221;&#8221;] Drodzy Rodzice,w zwi\u0105zku z planowan\u0105 Rekrutacj\u0105 do przedszkoli i oddzia\u0142\u00f3w przedszkolnych umieszczamy dla Pa\u0144stwa materia\u0142y dotycz\u0105ce tegorocznej rekrutacji: FW_ REKRUTACJA [&hellip;]<\/p>\n","protected":false},"author":15,"featured_media":0,"parent":0,"menu_order":0,"comment_status":"closed","ping_status":"closed","template":"page-templates\/page-full-width.php","meta":{"ngg_post_thumbnail":0,"footnotes":""},"class_list":["post-216","page","type-page","status-publish","hentry","clearfix"],"_links":{"self":[{"href":"https:\/\/przedszkole62.edu.wroclaw.pl\/index.php\/wp-json\/wp\/v2\/pages\/216","targetHints":{"allow":["GET"]}}],"collection":[{"href":"https:\/\/przedszkole62.edu.wroclaw.pl\/index.php\/wp-json\/wp\/v2\/pages"}],"about":[{"href":"https:\/\/przedszkole62.edu.wroclaw.pl\/index.php\/wp-json\/wp\/v2\/types\/page"}],"author":[{"embeddable":true,"href":"https:\/\/przedszkole62.edu.wroclaw.pl\/index.php\/wp-json\/wp\/v2\/users\/15"}],"replies":[{"embeddable":true,"href":"https:\/\/przedszkole62.edu.wroclaw.pl\/index.php\/wp-json\/wp\/v2\/comments?post=216"}],"version-history":[{"count":105,"href":"https:\/\/przedszkole62.edu.wroclaw.pl\/index.php\/wp-json\/wp\/v2\/pages\/216\/revisions"}],"predecessor-version":[{"id":5848,"href":"https:\/\/przedszkole62.edu.wroclaw.pl\/index.php\/wp-json\/wp\/v2\/pages\/216\/revisions\/5848"}],"wp:attachment":[{"href":"https:\/\/przedszkole62.edu.wroclaw.pl\/index.php\/wp-json\/wp\/v2\/media?parent=216"}],"curies":[{"name":"wp","href":"https:\/\/api.w.org\/{rel}","templated":true}]}}