
{"id":2316,"date":"2023-11-28T12:26:58","date_gmt":"2023-11-28T11:26:58","guid":{"rendered":"https:\/\/przedszkole62.edu.wroclaw.pl\/?page_id=2316"},"modified":"2024-01-12T11:19:11","modified_gmt":"2024-01-12T10:19:11","slug":"nasza-misja","status":"publish","type":"page","link":"https:\/\/przedszkole62.edu.wroclaw.pl\/index.php\/nasza-misja\/","title":{"rendered":"Nasza misja"},"content":{"rendered":"<p><span style=\"font-size: 14pt\"><em>&#8222;Wszystkiego, co naprawd\u0119 trzeba wiedzie\u0107 o tym, jak \u017cy\u0107, co robi\u0107 i jak post\u0119powa\u0107, nauczy\u0142em si\u0119 w przedszkolu. M\u0105dro\u015b\u0107 nie znajdowa\u0142a si\u0119 na szczycie wiedzy zdobytej w szkole \u015bredniej, ale w piaskownicy niedzielnej szk\u00f3\u0142ki. Tam si\u0119 nauczy\u0142em, \u017ce trzeba:<\/em><\/span><\/p>\n<p><span style=\"font-size: 14pt\"><em>&#8211; dzieli\u0107 wszystko,<\/em><\/span><br \/>\n<span style=\"font-size: 14pt\"><em>&#8211; post\u0119powa\u0107 uczciwie,<\/em><\/span><br \/>\n<span style=\"font-size: 14pt\"><em>&#8211; nie bi\u0107 innych,<\/em><\/span><br \/>\n<span style=\"font-size: 14pt\"><em>&#8211; odk\u0142ada\u0107 na miejsce ka\u017cd\u0105 znalezion\u0105 rzecz,<\/em><\/span><br \/>\n<span style=\"font-size: 14pt\"><em>&#8211; sprz\u0105ta\u0107 po sobie,<\/em><\/span><br \/>\n<span style=\"font-size: 14pt\"><em>&#8211; nie bra\u0107 nic, co do mnie nie nale\u017cy,<\/em><\/span><br \/>\n<span style=\"font-size: 14pt\"><em>&#8211; powiedzie\u0107 &#8222;przepraszam&#8221;, je\u015bli si\u0119 kogo\u015b urazi\u0142o,<\/em><\/span><br \/>\n<span style=\"font-size: 14pt\"><em>&#8211; my\u0107 r\u0119ce przed jedzeniem,<\/em><\/span><br \/>\n<span style=\"font-size: 14pt\"><em>&#8211; spuszcza\u0107 wod\u0119,<\/em><\/span><br \/>\n<span style=\"font-size: 14pt\"><em>&#8211; je\u015b\u0107 ciep\u0142e bu\u0142eczki i popija\u0107 zimnym mlekiem,<\/em><\/span><br \/>\n<span style=\"font-size: 14pt\"><em>&#8211; prowadzi\u0107 zr\u00f3wnowa\u017cone \u017cycie, troch\u0119 si\u0119 uczy\u0107 i troch\u0119 my\u015ble\u0107, malowa\u0107 i rysowa\u0107, i \u015bpiewa\u0107, i ta\u0144czy\u0107, i bawi\u0107 si\u0119, i codziennie troch\u0119 popracowa\u0107,<\/em><\/span><br \/>\n<span style=\"font-size: 14pt\"><em>po po\u0142udniu zdrzemn\u0105\u0107 si\u0119.<\/em><\/span><br \/>\n<span style=\"font-size: 14pt\"><em>A kiedy wyjdziesz z domu, uwa\u017caj na ruch, trzymaj r\u0119ce i kij przy sobie.<\/em><\/span><br \/>\n<span style=\"font-size: 14pt\"><em>Zwracaj uwag\u0119, jak cudowne jest wszystko, co ciebie otacza (&#8230;)<\/em><\/span><br \/>\n<span style=\"font-size: 14pt\"><em>Zapami\u0119taj te\u017c to wa\u017cne s\u0142owo, jedno z pierwszych, jakiego si\u0119 nauczy\u0142e\u015b: PATRZ.<\/em><\/span><\/p>\n<p><span style=\"font-size: 14pt\"><em>Wszystko to, co trzeba wiedzie\u0107, gdzie\u015b istnieje. Niepodwa\u017calne regu\u0142y i mi\u0142o\u015b\u0107, i troska o higien\u0119. Ekologia i polityka, i r\u00f3wno\u015b\u0107 wszystkich, i zdrowe \u017cycie.&#8221;<br \/>\n<\/em><\/span><\/p>\n<p><strong>&#8211; Robert Fulghum &#8211;<\/strong><\/p>\n<p><span style=\"font-size: 14pt\">Misj\u0105 naszego Przedszkola jest wspieranie wszechstronnego rozwoju dziecka oraz stworzenie bezpiecznego i przyjaznego miejsca dla dzieci, nauczycieli oraz pracownik\u00f3w. Jeste\u015bmy plac\u00f3wk\u0105, w kt\u00f3rej wszyscy wzajemnie uczymy si\u0119 tolerancji wobec innych, zrozumienia i wsp\u00f3\u0142pracy. Staramy si\u0119 zawsze piel\u0119gnowa\u0107 u naszych ma\u0142ych podopiecznych naturaln\u0105 energi\u0119 i spontaniczno\u015b\u0107 oraz wspiera\u0107 wszystkie ma\u0142e jak\u00a0 i du\u017ce sukcesy. <\/span><\/p>\n<p><span style=\"font-size: 14pt\">Jeste\u015bmy gotowi uczestniczy\u0107 w d\u0142ugim oraz niepowtarzalnym okresie jakim jest wychowanie naszych przedszkolak\u00f3w.<\/span><\/p>\n","protected":false},"excerpt":{"rendered":"<p>&#8222;Wszystkiego, co naprawd\u0119 trzeba wiedzie\u0107 o tym, jak \u017cy\u0107, co robi\u0107 i jak post\u0119powa\u0107, nauczy\u0142em si\u0119 w przedszkolu. M\u0105dro\u015b\u0107 nie znajdowa\u0142a si\u0119 na szczycie wiedzy zdobytej w szkole \u015bredniej, ale [&hellip;]<\/p>\n","protected":false},"author":7,"featured_media":0,"parent":0,"menu_order":0,"comment_status":"closed","ping_status":"closed","template":"","meta":{"ngg_post_thumbnail":0,"footnotes":""},"class_list":["post-2316","page","type-page","status-publish","hentry","clearfix"],"_links":{"self":[{"href":"https:\/\/przedszkole62.edu.wroclaw.pl\/index.php\/wp-json\/wp\/v2\/pages\/2316","targetHints":{"allow":["GET"]}}],"collection":[{"href":"https:\/\/przedszkole62.edu.wroclaw.pl\/index.php\/wp-json\/wp\/v2\/pages"}],"about":[{"href":"https:\/\/przedszkole62.edu.wroclaw.pl\/index.php\/wp-json\/wp\/v2\/types\/page"}],"author":[{"embeddable":true,"href":"https:\/\/przedszkole62.edu.wroclaw.pl\/index.php\/wp-json\/wp\/v2\/users\/7"}],"replies":[{"embeddable":true,"href":"https:\/\/przedszkole62.edu.wroclaw.pl\/index.php\/wp-json\/wp\/v2\/comments?post=2316"}],"version-history":[{"count":4,"href":"https:\/\/przedszkole62.edu.wroclaw.pl\/index.php\/wp-json\/wp\/v2\/pages\/2316\/revisions"}],"predecessor-version":[{"id":2603,"href":"https:\/\/przedszkole62.edu.wroclaw.pl\/index.php\/wp-json\/wp\/v2\/pages\/2316\/revisions\/2603"}],"wp:attachment":[{"href":"https:\/\/przedszkole62.edu.wroclaw.pl\/index.php\/wp-json\/wp\/v2\/media?parent=2316"}],"curies":[{"name":"wp","href":"https:\/\/api.w.org\/{rel}","templated":true}]}}