
{"id":2349,"date":"2023-11-29T12:19:59","date_gmt":"2023-11-29T11:19:59","guid":{"rendered":"https:\/\/przedszkole62.edu.wroclaw.pl\/?page_id=2349"},"modified":"2024-01-23T11:28:33","modified_gmt":"2024-01-23T10:28:33","slug":"akademia-rodzicow","status":"publish","type":"page","link":"https:\/\/przedszkole62.edu.wroclaw.pl\/index.php\/akademia-rodzicow\/","title":{"rendered":"Porozmawiajmy o tym \u2026 \u2013 porady psychologa"},"content":{"rendered":"<div class=\"wpb-content-wrapper\"><p>[vc_row][vc_column][vc_column_text]<\/p>\n<header class=\"page-header\">\n<h1><span style=\"text-decoration: underline\"><span style=\"color: #99cc00;font-size: 36pt;text-decoration: underline\">Porozmawiajmy o tym \u2026 \u2013 porady psychologa<\/span><\/span><\/h1>\n<div class=\"taxonomy-description\">\n<p><span style=\"font-size: 14pt\">Drodzy Rodzice, zach\u0119camy do zapoznawania si\u0119 z materia\u0142ami, kt\u00f3re sukcesywnie b\u0119d\u0105 udost\u0119pniane w zak\u0142adce \u201ePorozmawiajmy o tym\u2026 \u2013 porady psychologa\u201d<\/span><\/p>\n<\/div>\n<\/header>\n<div class=\"pe-article-content\"><\/div>\n<div class=\"pe-article-content\">\n<p>&nbsp;<\/p>\n<\/div>\n<p>[\/vc_column_text][vc_column_text]<\/p>\n<header class=\"page-header\">\n<h1 class=\"entry-title\"><span style=\"text-decoration: underline;font-size: 24pt\"><span style=\"color: #339966;text-decoration: underline\">Czym jest poradnia psychologiczno-pedagogiczna?<\/span><\/span><\/h1>\n<\/header>\n<div class=\"pe-article-content\">\n<p>Zdarza si\u0119, \u017ce podczas spotkania z nauczycielami grupy lub specjalistami pracuj\u0105cymi w przedszkolu pada propozycja wizyty w poradni psychologiczno-pedagogicznej. Nierzadko taka sugestia wywo\u0142uje u rodzic\u00f3w napi\u0119cie i l\u0119k, zaskoczenie, poczucie bezradno\u015bci, czasem zawstydzenie. Pojawienie si\u0119 tych uczu\u0107 jest naturalne i zrozumia\u0142e \u2013 poradnia to z regu\u0142y miejsce, kt\u00f3re rodzice odwiedz\u0105 z dzie\u0107mi po raz pierwszy i nie wiedz\u0105, co mo\u017ce ich tam czeka\u0107. Wielu z nich obawia si\u0119, \u017ce wizyta mo\u017ce wi\u0105za\u0107 si\u0119 z nadaniem dziecku \u201e\u0142atki\u201d. Z drugiej jednak strony, kiedy pytamy rodzic\u00f3w, jakie skojarzenia przychodz\u0105 im do g\u0142owy, kiedy pada has\u0142o \u201eporadnia psychologiczno-pedagogiczn\u0105\u201d to zazwyczaj nasuwaj\u0105 si\u0119 odpowiedzi zwi\u0105zane z pomoc\u0105 i wsparciem. Odpowiadaj\u0105c na najcz\u0119\u015bciej zadawane pytania, chcieliby\u015bmy rozwia\u0107 w\u0105tpliwo\u015bci i przybli\u017cy\u0107 Pa\u0144stwu funkcjonowanie poradni.<\/p>\n<p><strong>Co to jest poradnia psychologiczno-pedagogiczna?<\/strong><\/p>\n<p>Poradnia to jeden z element\u00f3w sytemu o\u015bwiaty, kt\u00f3rego g\u0142\u00f3wnym celem jest wsparcie psychologiczne i pedagogiczne dzieci oraz ich rodzin. G\u0142\u00f3wne zadania poradni zawarte s\u0105 w Rozporz\u0105dzeniu Ministra Edukacji z dnia 1 lutego 2013 roku. Nale\u017c\u0105 do nich przede wszystkim diagnozowanie dzieci oraz udzielanie dzieciom i ich rodzinom bezpo\u015bredniej pomocy psychologiczno-pedagogicznej (w tym okre\u015bleniu zawieraj\u0105 si\u0119 np. konsultacje i porady psychologiczne, grupy wsparcia, terapia, wyk\u0142ady, warsztaty i prelekcje). Diagnoza najcz\u0119\u015bciej ko\u0144czy si\u0119 sporz\u0105dzeniem dla dziecka opinii, kt\u00f3ra jest uznawana w przedszkolach i szko\u0142ach a jej zalecenia skrupulatnie realizowane przez nauczycieli i specjalist\u00f3w. Poradnia wydaje tak\u017ce r\u00f3\u017cnego rodzaju orzeczenia, m. in. orzeczenie o potrzebie kszta\u0142cenia specjalnego dla dzieci o szczeg\u00f3lnych potrzebach edukacyjnych.<\/p>\n<p><strong>Dlaczego kto\u015b proponuje, \u017cebym uda\u0142 si\u0119 tam ze swoim dzieckiem?<\/strong><\/p>\n<p>G\u0142\u00f3wny pow\u00f3d, dla kt\u00f3rego proponujemy rodzicom wizyt\u0119 w poradni to troska o dziecko i jego prawid\u0142owy rozw\u00f3j. Spotkanie ze specjalistami w poradni pozwala na bli\u017csze poznanie dziecka i obiektywne przyjrzenie si\u0119 jego umiej\u0119tno\u015bciom. Pracownicy poradni posiadaj\u0105 narz\u0119dzia cz\u0119sto niedost\u0119pne w przedszkolach czy szko\u0142ach i na ich podstawie mog\u0105 oceni\u0107 poziom rozwoju dziecka. Poradnia wielu rodzicom kojarzy si\u0119 tylko z dzie\u0107mi z problemami, ale mo\u017ce te\u017c wspom\u00f3c dzieci zdolne, kt\u00f3re potrzebuj\u0105 dostosowania toku nauczania do swoich umiej\u0119tno\u015bci.<\/p>\n<p><strong>Czego mog\u0119 si\u0119 spodziewa\u0107?<\/strong><\/p>\n<p>W poradni psychologiczno-pedagogicznej zatrudnieni s\u0105 psycholodzy, pedagodzy, logopedzi, niekiedy r\u00f3wnie\u017c inni specjali\u015bci, np. terapeuci integracji sensorycznej i inni. W toku diagnozy pracownicy poradni wsp\u00f3\u0142pracuj\u0105 ze sob\u0105, poniewa\u017c ich zadaniem jest pozna\u0107 dziecko jak najlepiej. Z trosk\u0105 oraz \u017cyczliwo\u015bci\u0105 przyjmuj\u0105 dzieci i rodzic\u00f3w w swoim gabinecie. Wizyty, szczeg\u00f3lnie dla dzieci w wieku przedszkolnym, s\u0105 zazwyczaj czym\u015b ciekawym. Badanie bardzo cz\u0119sto odbywa si\u0119 w formie zabawy i jest dla dzieci interesuj\u0105cym wyzwaniem. Czasami trwa kilkadziesi\u0105t minut, a czasami kilka godzin. Bywa, \u017ce do rozwiania w\u0105tpliwo\u015bci wystarcza jedno spotkanie, zdarza si\u0119 jednak, \u017ce diagnoza trwa kilka tygodni. Ka\u017cde dziecko jest inne i potrzebuje innego rodzaju wsparcia a najwa\u017cniejszym zadaniem specjalist\u00f3w jest dostosowanie si\u0119 do indywidualnych potrzeb ka\u017cdego malucha. Zazwyczaj na pocz\u0105tek odwiedza si\u0119 psychologa i pedagoga, kt\u00f3rzy po przeprowadzeniu wst\u0119pnego wywiadu i badania, kieruj\u0105 do pozosta\u0142ych specjalist\u00f3w w poradni lub poza ni\u0105.<\/p>\n<p><strong>Co przygotowa\u0107 na pierwsz\u0105 wizyt\u0119?<\/strong><\/p>\n<p>W poradniach obowi\u0105zuje rejonizacja, co oznacza, \u017ce ka\u017cda z nich ma sw\u00f3j rejon dzia\u0142ania, w\u0142a\u015bciwy dla adresu przedszkola (plac\u00f3wki) lub zamieszkania. Terminy oczekiwania na pierwsz\u0105 wizyt\u0119 s\u0105 r\u00f3\u017cne, od tygodnia do kilku miesi\u0119cy. Do poradni nie jest potrzebne skierowanie. Warto jednak przygotowa\u0107 ksi\u0105\u017ceczk\u0119 zdrowia dziecka. Ponadto, przyda si\u0119 opinia wychowawc\u00f3w grupy przedszkolnej i specjalist\u00f3w wsp\u00f3\u0142pracuj\u0105cych z dzieckiem, za\u015bwiadczenia lekarskie (o ile dziecko takie posiada, np. za\u015bwiadczenie od neurologa, lekarza rehabilitacji, okulisty). Przydatne mog\u0105 te\u017c okaza\u0107 si\u0119 r\u00f3\u017cne prace dziecka, np. rysunki, prace przedszkolne, wykonywane przez dziecko karty pracy. Je\u017celi jakie\u015b zachowanie wyj\u0105tkowo niepokoi rodzica, pomocne mo\u017ce by\u0107 kr\u00f3tkie nagranie problematycznych moment\u00f3w dnia.<\/p>\n<p><strong>Jaki jest sens tych wizyt i jak mog\u0105 one pom\u00f3c mojemu dziecku?<\/strong><\/p>\n<p>Gdyby sprowadzi\u0107 dzia\u0142alno\u015b\u0107 poradni do jednego s\u0142owa to zdecydowanie by\u0142aby to \u201epomoc\u201d. Pomoc dla dziecka, rodziny i nauczycieli. Z wizyty rodzice wychodz\u0105 z gar\u015bci\u0105 nowej wiedzy i informacji, uzyskuj\u0105 konkretne wsparcie i \u2013 w miar\u0119 mo\u017cliwo\u015bci \u2013 odpowiedzi na nurtuj\u0105ce ich pytania. Pracownicy poradni potrafi\u0105 uspokoi\u0107, ale te\u017c (je\u015bli je zauwa\u017c\u0105) nie bagatelizuj\u0105 alarmuj\u0105cych sygna\u0142\u00f3w. Wydawane przez nich opinie s\u0105 dla przedszkola niezwykle wa\u017cne, poniewa\u017c zawieraj\u0105 konkretne zalecenia, kt\u00f3re maj\u0105 na celu jak najlepsze wsparcie rozwoju dziecka.<\/p>\n<p>Mamy nadziej\u0119, \u017ce uda\u0142o nam si\u0119 przybli\u017cy\u0107 Pa\u0144stwu czym jest poradnia psychologiczno-pedagogiczna, na czym polega jej dzia\u0142alno\u015b\u0107 oraz w jaki spos\u00f3b wizyta w poradni, mo\u017ce pom\u00f3c w funkcjonowaniu naszych dzieci.<\/p>\n<p><span style=\"text-decoration: underline\"><strong>ADRES PORADNI PSYCHOLOGICZNO-PEDAGOGICZNEJ:<\/strong><\/span><\/p>\n<p><strong>Gabinet Poradni Psychologiczno-Pedagogicznej<\/strong><br \/>\n<strong>ul. Starogajowa 68<\/strong><br \/>\n<strong>54-047 Wroc\u0142aw<\/strong><br \/>\n<strong>tel. 71 798-68-30<\/strong><\/p>\n<\/div>\n<p>[\/vc_column_text][vc_column_text]<\/p>\n<header class=\"page-header\"><\/header>\n<header class=\"page-header\">\n<h1 class=\"entry-title\"><span style=\"text-decoration: underline\"><span style=\"color: #339966;text-decoration: underline\">Lista ksi\u0105\u017cek polecanych dla dzieci<\/span><\/span><\/h1>\n<\/header>\n<div class=\"pe-article-content\">\n<div class=\"pe-article-content\">\n<p>Jednym ze sposob\u00f3w na rozwijanie \u015bwiadomo\u015bci emocjonalnej dzieci jest czas po\u015bwi\u0119cony na wsp\u00f3lne czytanie. Poni\u017csze ksi\u0105\u017cki porz\u0105dkuj\u0105 dzieci\u0119cy \u015bwiat emocji, pomagaj\u0105 poszerzy\u0107 perspektyw\u0119 i nabra\u0107 dystansu do r\u00f3\u017cnych problem\u00f3w, nada\u0107 znaczenie pojawiaj\u0105cym si\u0119 uczuciom. Przedstawiam Pa\u0144stwu zaledwie garstk\u0119 z dziesi\u0105tek cudownych propozycji lektur dla dzieci i mam nadziej\u0119, \u017ce zach\u0119c\u0119 Was do dalszych, samodzielnych poszukiwa\u0144 \u201eksi\u0105\u017cki idealnej\u201d.<\/p>\n<ol>\n<li><strong>\u201eA kr\u00f3lik s\u0142ucha\u0142\u2026\u201dC. Doerrfeld<\/strong><\/li>\n<\/ol>\n<p>Warto przeczyta\u0107 po ci\u0119\u017ckim, pe\u0142nym wyzwa\u0144 dniu, \u017ceby uspokoi\u0107 sko\u0142atane nerwy swoje i dziecka. Pomaga! Ka\u017cdy ma wiele rad, jak poradzi\u0107 sobie z problemami. A czasem wystarczy po prostu \u2013 tak jak tytu\u0142owy kr\u00f3liczek \u2013 by\u0107 empatycznym towarzyszem i uwa\u017cnie s\u0142ucha\u0107.<\/p>\n<ol start=\"2\">\n<li><strong>\u201eSelf-reg \u2013 opowie\u015bci dla dzieci o tym jak dzia\u0142a\u0107 gdy emocje bior\u0105 g\u00f3r\u0119\u201d, St\u0105\u017cka \u2013 Gawrysiak<\/strong><\/li>\n<\/ol>\n<p>Opowiadania oparte o metod\u0119 \u201eself \u2013 reg\u201d. Nie trzeba jej dobrze zna\u0107, \u017ceby m\u00f3c skorzysta\u0107 z jej za\u0142o\u017ce\u0144, wr\u0119cz przeciwnie \u2013 ta ksi\u0105\u017ceczka to bardzo dobre wprowadzenie. Ka\u017cde opowiadanie jest opisuje r\u00f3\u017cne, dobrze znane dzieciom stresuj\u0105ce sytuacje. Podpowiada, jak mo\u017cna sobie pom\u00f3c i skutecznie zmniejszy\u0107 poziom stresu. Dodatkowo, po ka\u017cdym z opowiada\u0144 jest kr\u00f3tki, merytoryczny poradnik dla rodzic\u00f3w.<\/p>\n<ol start=\"3\">\n<li><strong>\u201eMamo, nie mog\u0119 zasn\u0105\u0107\u201d, I. Castel \u2013 Branco<\/strong><\/li>\n<\/ol>\n<p>Ksi\u0105\u017ceczka do poczytania przed snem. Pomaga osi\u0105gn\u0105\u0107 stan odpr\u0119\u017cenia i relaksu, wykorzystuj\u0105c dostosowane do mo\u017cliwo\u015bci dzieci techniki relaksacyjne. Dodatkow\u0105 zalet\u0105 s\u0105 przepi\u0119kne ilustracje.<\/p>\n<ol start=\"4\">\n<li><strong>\u201eCynamon i Trusia \u2013 wierszyki o z\u0142o\u015bci i rado\u015bci\u201d, U. Stark, Ch. Ramel<\/strong><\/li>\n<\/ol>\n<p>Zabawne wierszyki o r\u00f3\u017cnych emocjach \u2013 tych, kt\u00f3re mo\u017cemy zaobserwowa\u0107 go\u0142ym okiem, ale te\u017c tych g\u0142\u0119boko ukrytych. Cynamon i Trusia to przyjaciele, kt\u00f3rzy prze\u017cywaj\u0105 wiele przyg\u00f3d i wsp\u00f3lnie rymuj\u0105 o uczuciach.<\/p>\n<ol start=\"5\">\n<li><strong>\u201eCzy jeste\u015b tch\u00f3rzem, Albercie?\u201d, G. Bergstrom<\/strong><\/li>\n<\/ol>\n<p>Ca\u0142a seria o Albercie jest godna polecenia dla starszych przedszkolak\u00f3w, jednak ta ksi\u0105\u017cka szczeg\u00f3lnie pomaga w poradzeniu sobie z trudnymi emocjami. Paradoksalnie, nie jest o tch\u00f3rzostwie, a o odwadze. Mo\u017ce by\u0107 szczeg\u00f3lnie pomocna dla dzieci, kt\u00f3re miewaj\u0105 problem z hamowaniem swoich gwa\u0142townych reakcji. Czy bicie innych to odwaga? A mo\u017ce jest ni\u0105 niech\u0119\u0107 do bicia? Czas na filozoficzne pytania w bardzo zabawnej, ciekawej dla przedszkolak\u00f3w formie.<\/p>\n<ol start=\"6\">\n<li><strong>\u201eGar\u015b\u0107 rado\u015bci, szczypta z\u0142o\u015bci\u201d, W. Ko\u0142yszko<\/strong><\/li>\n<\/ol>\n<p>Klasyk. Wielokrotnie polecana, przewa\u0142kowana przez setki rodzic\u00f3w i psycholog\u00f3w. Bardzo ciekawa ksi\u0105\u017cka, kt\u00f3ra anga\u017cuje i dzieci, i rodzic\u00f3w. Na niemal ka\u017cdej stronie czeka nowe zadanie, kt\u00f3re oswaja dziecko z tematyk\u0105 emocji. Warto zaopatrzy\u0107 si\u0119 w kredki i razem z dzieckiem krok po kroku odkrywa\u0107 skomplikowany \u015bwiat uczu\u0107.<\/p>\n<ol start=\"7\">\n<li><strong>\u201eCzuje misie\u201d, A. Kr\u00f3lak<\/strong><\/li>\n<\/ol>\n<p>Misie te\u017c mog\u0105 czu\u0107 r\u00f3\u017cne emocje. Na ka\u017cdej stronie tej zabawnej ksi\u0105\u017ceczki misie czuj\u0105 inne emocje, a rodzice i dzieci dostaj\u0105 zach\u0119t\u0119 do porozmawiania o swoich uczuciach. \u201eCzuj\u0119 tak, jakbym by\u0142 na wakacjach\u201d, \u201eCzuj\u0119 si\u0119 jak u cioci, kt\u00f3ra nie ma \u017cadnych zabawek\u201d\u2026 Te zdania dla ka\u017cdego znacz\u0105 co innego. A co mog\u0105 znaczy\u0107 dla Ciebie i Twojego dziecka?<\/p>\n<ol start=\"8\">\n<li><strong>\u201eKolorowy potw\u00f3r\u201d, A. Llenas<\/strong><\/li>\n<\/ol>\n<p>Kolorowy potw\u00f3r pokazuje dzieciom \u015bwiat swoich emocji. Bardzo si\u0119 w nim pogubi\u0142 i pr\u00f3buje wszystko uporz\u0105dkowa\u0107, zapraszaj\u0105c dzieci do wsp\u00f3lnej przygody. Ksi\u0105\u017ceczka uczy rozpoznawania i nazywania emocji. Czujemy zielony spok\u00f3j, obserwujemy niebieski smutek, bulgocze w nas czerwona z\u0142o\u015b\u0107\u2026 Ksi\u0105\u017ceczka ma r\u00f3wnie\u017c wersj\u0119 \u201epop-up\u201d \u2013 10 rozk\u0142ad\u00f3wek, z kt\u00f3rych ka\u017cda jest prawdziw\u0105 uczt\u0105 dla oka i niesamowit\u0105 przygod\u0105!<\/p>\n<p>9.\u00a0<strong>\u201eDu\u017ce sprawy w ma\u0142ych g\u0142owach\u201d, A. Kossowska<\/strong><\/p>\n<p>Dlaczego ten ch\u0142opiec nie m\u00f3wi\/nie chodzi\/nie s\u0142yszy? Czym jest autyzm? W jaki spos\u00f3b rozmawia\u0107 z dzie\u0107mi o niepe\u0142nosprawno\u015bci? Ta ksi\u0105\u017cka jest odpowiedzi\u0105 na wiele wa\u017cnych pyta\u0144, kt\u00f3re rodz\u0105 si\u0119 w ma\u0142ych g\u0142owach ale i w du\u017cych\u00a0&#x1f609;\u00a0Historie opowiedziane z perspektywy dziecka z wyzwaniami, \u015bwietnie wprowadzaj\u0105 zdrowe dzieci w \u015bwiat ich r\u00f3wie\u015bnik\u00f3w.<\/p>\n<\/div>\n<\/div>\n<div class=\"pe-article-content\">\n<p>&nbsp;<\/p>\n<\/div>\n<p>[\/vc_column_text][vc_column_text]<\/p>\n<header class=\"page-header\"><\/header>\n<header class=\"page-header\">\n<h1 class=\"entry-title\"><span style=\"text-decoration: underline\"><span style=\"color: #339966;text-decoration: underline\">Lista ksi\u0105\u017cek polecana dla rodzic\u00f3w<\/span><\/span><\/h1>\n<div class=\"pe-article-content\">\n<p><strong>Drodzy Rodzice,<\/strong><\/p>\n<p>Chcieliby\u015bmy zach\u0119ci\u0107 Pa\u0144stwa do po\u015bwi\u0119cenia kilku minut dziennie na samorozw\u00f3j w obszarze rodzicielstwa. Wyb\u00f3r warto\u015bciowej pozycji spo\u015br\u00f3d setek dost\u0119pnych na rynku ksi\u0105\u017cek przypomina szukanie ig\u0142y w stogu siana. Przedstawiamy Pa\u0144stwu nasz wyb\u00f3r kilku pozycji szczeg\u00f3lnie u\u017cytecznych w rodzicielskich zmaganiach.<\/p>\n<ol>\n<li><strong>\u201eJak m\u00f3wi\u0107, \u017ceby maluchy nas s\u0142ucha\u0142y\u201d J. Faber, J. King<\/strong><\/li>\n<\/ol>\n<p>Je\u015bli podchodz\u0105 Pa\u0144stwo sceptycznie do wszelkich podr\u0119cznik\u00f3w dotycz\u0105cych wychowania to proponuj\u0119 rozpocz\u0105\u0107 swoj\u0105 przygod\u0119 w\u0142a\u015bnie od tej ksi\u0105\u017cki. Jest napisana przejrzy\u015bcie, jasno i co najwa\u017cniejsze \u2013 z ogromnym humorem i wyrozumia\u0142o\u015bci\u0105 dla rodzicielskich potkni\u0119\u0107. Do\u0142\u0105czono do niej konkretne porady i wskaz\u00f3wki. Mo\u017cecie by\u0107 spokojni \u2013 po uko\u0144czeniu tej ksi\u0105\u017cki zostaniecie wyposa\u017ceni w \u201epakiet kryzysowy\u201d do walki z trudnymi zachowaniami Waszych dzieci.<\/p>\n<ol start=\"2\">\n<li><strong><u>\u201e<\/u>Akcja Adaptacja\u201d A. Stein<\/strong><\/li>\n<\/ol>\n<p>Ksi\u0105\u017cka Agnieszki Stein to \u201eprzedszkole w pigu\u0142ce\u201d. Jest skierowana g\u0142\u00f3wnie do rodzic\u00f3w dzieci rozpoczynaj\u0105cych swoj\u0105 przygod\u0119 z przedszkolem, ale ka\u017cdy rodzic przedszkolaka znajdzie w niej co\u015b dla siebie. Autorka z empati\u0105 przygl\u0105da si\u0119 i opisuje wyzwania czekaj\u0105ce na maluch\u00f3w w przedszkolu (rozstanie, jedzenie, spanie, choroby, konflikty\u2026 i wiele innych). Pomaga rodzicom uporz\u0105dkowa\u0107 wiedz\u0119 i rozwia\u0107 wi\u0119kszo\u015b\u0107 przedszkolnych dylemat\u00f3w.<\/p>\n<ol start=\"3\">\n<li><strong><u>\u201e<\/u>Uwa\u017cno\u015b\u0107 i spok\u00f3j \u017cabki\u201d, Eline Snel<\/strong><\/li>\n<\/ol>\n<p>Wyj\u0105tkowo koj\u0105ca lektura, kt\u00f3ra pozwoli odnale\u017a\u0107 balans w przebod\u017acowanym \u015bwiecie. Je\u015bli zastanawiacie si\u0119, gdzie u Waszego dziecka znajduje si\u0119 przycisk \u201epauzy\u201d i jak mo\u017cna go w\u0142\u0105czy\u0107 \u2013 zach\u0119cam do przeczytania tej kr\u00f3ciutkiej ksi\u0105\u017cki i wys\u0142uchania do\u0142\u0105czonych do niej nagra\u0144. Rodzice cz\u0119sto zastanawiaj\u0105 si\u0119, jak trenowa\u0107 umiej\u0119tno\u015b\u0107 skupienia uwagi oraz wyciszania si\u0119. Ta ksi\u0105\u017cka podaje gotowe rozwi\u0105zania i w bardzo przyst\u0119pny spos\u00f3b opisuje r\u00f3\u017cne \u0107wiczenia wyciszaj\u0105ce rozbiegany umys\u0142.<\/p>\n<ol start=\"4\">\n<li><strong><u>\u201e<\/u>Dobra relacja, czyli skrzynka z narz\u0119dziami dla wsp\u00f3\u0142czesnej rodziny\u201d, Ma\u0142gorzata Musia\u0142<\/strong><\/li>\n<\/ol>\n<p>Coraz cz\u0119\u015bciej m\u00f3wi si\u0119 o wychowywaniu w duchu rodzicielstwa blisko\u015bci, k\u0142adzie si\u0119 nacisk na pod\u0105\u017canie za potrzebami dzieci, zaufanie ich kompetencjom i spokojne towarzyszenie w prze\u017cywanych przez nie trudno\u015bciach. W ksi\u0105\u017cce Ma\u0142gorzaty Musia\u0142 znajdziecie Pa\u0144stwo wskaz\u00f3wki, jak w pe\u0142nej wyzwa\u0144 codzienno\u015bci, odnale\u017a\u0107 si\u0142\u0119 do zatroszczenia si\u0119 o swoje potrzeby.<\/p>\n<ol start=\"5\">\n<li><strong>\u201eMoje dziecko nie chce je\u015b\u0107\u201d, Carlos Gonzales<\/strong><\/li>\n<\/ol>\n<p>Ile razy zdarzy\u0142o si\u0119 Pa\u0144stwu namawia\u0107 dziecko do jedzenia? W\u0142\u0105czy\u0107 bajk\u0119, \u017ceby zjad\u0142o cho\u0107 kilka \u0142y\u017ceczek? Biega\u0107 z jogurtem po ca\u0142ym domu, \u017ceby cokolwiek znalaz\u0142o si\u0119 w ma\u0142ym, biednym, pustym brzuszku? Je du\u017co, je ma\u0142o, je zdrowo, je kiepsko\u2026 wok\u00f3\u0142 jedzenia dzieci zawsze toczy wiele rozm\u00f3w, kt\u00f3re paradoksalnie jedzeniu nie s\u0142u\u017c\u0105 wcale. Gonzales obala mity dotycz\u0105ce jedzenia, przedstawia solidn\u0105 porcj\u0119 wiedzy i \u2013 co najwa\u017cniejsze \u2013 stara si\u0119 zdj\u0105\u0107 z rodzic\u00f3w nadmiern\u0105 odpowiedzialno\u015b\u0107. Zaufaj swojemu dziecku \u2013 to g\u0142\u00f3wne przes\u0142anie tej ksi\u0105\u017cki.<\/p>\n<ol start=\"6\">\n<li><strong>\u201eSelf-reg\u201d, Stuart Shanker<\/strong><\/li>\n<\/ol>\n<p>W koncepcji \u201eSelf-reg\u201d rodzicom w pami\u0119\u0107 zapada szczeg\u00f3lnie poj\u0119cie \u201em\u00f3zgowego wi-fi\u201d, czyli \u2013 kr\u00f3tko m\u00f3wi\u0105c \u2013 kana\u0142u \u0142\u0105cz\u0105cego emocje rodzica z emocjami dziecka. Dzieci, b\u0119d\u0105c niezwykle wra\u017cliwymi istotami, potrafi\u0105 wychwyci\u0107 nawet najmniejsze sygna\u0142y stresu p\u0142yn\u0105ce ze strony rodzica. Cz\u0119sto zdarza si\u0119 te\u017c odwrotna (i wysoce po\u017c\u0105dana!) sytuacja, kiedy to spok\u00f3j rodzica udziela si\u0119 dziecku. W ksi\u0105\u017cce znajd\u0105 Pa\u0144stwo propozycje, czego potrzebujecie, aby jak najlepiej wyregulowa\u0107 to emocjonalne po\u0142\u0105czenie pomi\u0119dzy Wami i dzie\u0107mi.<\/p>\n<ol start=\"7\">\n<li><strong><u>\u201e<\/u>Rodzicielstwo przez zabaw\u0119\u201d, Lawrence Cohen<\/strong><\/li>\n<\/ol>\n<p>Prawda stara jak \u015bwiat \u2013 dziecko przez zabaw\u0119 uczy si\u0119 najwi\u0119cej. Wy i Wasze dzieci dysponujecie ogromn\u0105 si\u0142\u0105 \u2013 umiej\u0119tno\u015bci\u0105 wsp\u00f3lnej zabawy! Zabawa jest doskona\u0142\u0105 drog\u0105 do poznania swojego dziecka, wzmocnienia jego poczucia w\u0142asnej warto\u015bci, okie\u0142znania jego emocji i roz\u0142adowania napi\u0119\u0107, kt\u00f3re gromadz\u0105 si\u0119 w ci\u0105gu dnia. Si\u0119gni\u0119cie po t\u0105 ksi\u0105\u017ck\u0119 przynosi ulg\u0119 sko\u0142atanym rodzicielskim nerwom.<\/p>\n<ol start=\"8\">\n<li><strong>\u201eTwoje kompetentne dziecko\u201d, Jesper Juul<\/strong><\/li>\n<\/ol>\n<p>W \u201eTwoim kompetentnym dziecku\u201d Juul proponuje wywr\u00f3cenie \u015bwiata rodzic\u00f3w do g\u00f3ry nogami \u2013 to dziecko najlepiej wie, czego potrzebuje, a zadaniem rodzica jest uwa\u017cne obserwowanie\u00a0 i wsp\u00f3\u0142praca. Je\u015bli jeste\u015bcie Pa\u0144stwo ciekawi jak zbudowa\u0107 sw\u00f3j autorytet bez uciekania si\u0119 do nagr\u00f3d i kar, to warto przyjrze\u0107 si\u0119 dziecku z perspektywy tego du\u0144skiego psychoterapeuty.<\/p>\n<\/div>\n<\/header>\n<div class=\"pe-article-content\"><\/div>\n<div class=\"pe-article-content\">\n<p>&nbsp;<\/p>\n<\/div>\n<p>[\/vc_column_text][\/vc_column][\/vc_row]<\/p>\n<\/div>","protected":false},"excerpt":{"rendered":"<p>[vc_row][vc_column][vc_column_text] Porozmawiajmy o tym \u2026 \u2013 porady psychologa Drodzy Rodzice, zach\u0119camy do zapoznawania si\u0119 z materia\u0142ami, kt\u00f3re sukcesywnie b\u0119d\u0105 udost\u0119pniane w zak\u0142adce \u201ePorozmawiajmy o tym\u2026 \u2013 porady psychologa\u201d &nbsp; [\/vc_column_text][vc_column_text] [&hellip;]<\/p>\n","protected":false},"author":406,"featured_media":0,"parent":0,"menu_order":0,"comment_status":"closed","ping_status":"closed","template":"","meta":{"ngg_post_thumbnail":0,"footnotes":""},"class_list":["post-2349","page","type-page","status-publish","hentry","clearfix"],"_links":{"self":[{"href":"https:\/\/przedszkole62.edu.wroclaw.pl\/index.php\/wp-json\/wp\/v2\/pages\/2349","targetHints":{"allow":["GET"]}}],"collection":[{"href":"https:\/\/przedszkole62.edu.wroclaw.pl\/index.php\/wp-json\/wp\/v2\/pages"}],"about":[{"href":"https:\/\/przedszkole62.edu.wroclaw.pl\/index.php\/wp-json\/wp\/v2\/types\/page"}],"author":[{"embeddable":true,"href":"https:\/\/przedszkole62.edu.wroclaw.pl\/index.php\/wp-json\/wp\/v2\/users\/406"}],"replies":[{"embeddable":true,"href":"https:\/\/przedszkole62.edu.wroclaw.pl\/index.php\/wp-json\/wp\/v2\/comments?post=2349"}],"version-history":[{"count":9,"href":"https:\/\/przedszkole62.edu.wroclaw.pl\/index.php\/wp-json\/wp\/v2\/pages\/2349\/revisions"}],"predecessor-version":[{"id":2700,"href":"https:\/\/przedszkole62.edu.wroclaw.pl\/index.php\/wp-json\/wp\/v2\/pages\/2349\/revisions\/2700"}],"wp:attachment":[{"href":"https:\/\/przedszkole62.edu.wroclaw.pl\/index.php\/wp-json\/wp\/v2\/media?parent=2349"}],"curies":[{"name":"wp","href":"https:\/\/api.w.org\/{rel}","templated":true}]}}