
{"id":5826,"date":"2026-01-28T13:08:44","date_gmt":"2026-01-28T12:08:44","guid":{"rendered":"https:\/\/przedszkole62.edu.wroclaw.pl\/?page_id=5826"},"modified":"2026-01-28T14:49:10","modified_gmt":"2026-01-28T13:49:10","slug":"ksef","status":"publish","type":"page","link":"https:\/\/przedszkole62.edu.wroclaw.pl\/index.php\/ksef\/","title":{"rendered":"Wystawianie faktur KSeF"},"content":{"rendered":"<div><strong>Nabywca:<\/strong> Gmina Wroc\u0142aw, NIP&nbsp;<span id=\"OBJ_PREFIX_DWT3504_com_zimbra_phone\" class=\"Object\" role=\"link\"><a href=\"callto:897 13 83 551\">897 13 83 551<\/a><\/span><\/div>\n<div>plac Nowy Targ 1-8, 50-141 Wroc\u0142aw<\/div>\n<div>&nbsp;<\/div>\n<div><strong>Podmiot inny:<\/strong> Odbiorca: Przedszkole nr 62 &#8222;Stumilowy Las&#8221;, NIP&nbsp;<span id=\"OBJ_PREFIX_DWT3505_com_zimbra_phone\" class=\"Object\" role=\"link\"><a href=\"callto:894 25 89 540\">894 25 89 540<\/a><\/span><\/div>\n<div>ul. Stab\u0142owicka 97, 54-062 Wroc\u0142aw<\/div>\n","protected":false},"excerpt":{"rendered":"<p>Nabywca: Gmina Wroc\u0142aw, NIP&nbsp;897 13 83 551 plac Nowy Targ 1-8, 50-141 Wroc\u0142aw &nbsp; Podmiot inny: Odbiorca: Przedszkole nr 62 &#8222;Stumilowy Las&#8221;, NIP&nbsp;894 25 89 540 ul. Stab\u0142owicka 97, 54-062 [&hellip;]<\/p>\n","protected":false},"author":7,"featured_media":0,"parent":0,"menu_order":0,"comment_status":"closed","ping_status":"closed","template":"","meta":{"ngg_post_thumbnail":0,"footnotes":""},"class_list":["post-5826","page","type-page","status-publish","hentry","clearfix"],"_links":{"self":[{"href":"https:\/\/przedszkole62.edu.wroclaw.pl\/index.php\/wp-json\/wp\/v2\/pages\/5826","targetHints":{"allow":["GET"]}}],"collection":[{"href":"https:\/\/przedszkole62.edu.wroclaw.pl\/index.php\/wp-json\/wp\/v2\/pages"}],"about":[{"href":"https:\/\/przedszkole62.edu.wroclaw.pl\/index.php\/wp-json\/wp\/v2\/types\/page"}],"author":[{"embeddable":true,"href":"https:\/\/przedszkole62.edu.wroclaw.pl\/index.php\/wp-json\/wp\/v2\/users\/7"}],"replies":[{"embeddable":true,"href":"https:\/\/przedszkole62.edu.wroclaw.pl\/index.php\/wp-json\/wp\/v2\/comments?post=5826"}],"version-history":[{"count":2,"href":"https:\/\/przedszkole62.edu.wroclaw.pl\/index.php\/wp-json\/wp\/v2\/pages\/5826\/revisions"}],"predecessor-version":[{"id":5831,"href":"https:\/\/przedszkole62.edu.wroclaw.pl\/index.php\/wp-json\/wp\/v2\/pages\/5826\/revisions\/5831"}],"wp:attachment":[{"href":"https:\/\/przedszkole62.edu.wroclaw.pl\/index.php\/wp-json\/wp\/v2\/media?parent=5826"}],"curies":[{"name":"wp","href":"https:\/\/api.w.org\/{rel}","templated":true}]}}