
{"id":59,"date":"2017-04-05T12:51:16","date_gmt":"2017-04-05T10:51:16","guid":{"rendered":"https:\/\/przedszkole62.edu.wroclaw.pl\/?page_id=59"},"modified":"2020-12-03T11:40:57","modified_gmt":"2020-12-03T10:40:57","slug":"osiagniecia","status":"publish","type":"page","link":"https:\/\/przedszkole62.edu.wroclaw.pl\/index.php\/o-nas\/osiagniecia\/","title":{"rendered":"Osi\u0105gni\u0119cia"},"content":{"rendered":"<div class=\"wpb-content-wrapper\"><p>[vc_row][vc_column][vc_column_text css_animation=&#8221;bounceInLeft&#8221;]Rozwijamy talenty naszych wychowank\u00f3w poprzez aktywny udzia\u0142 w wielu konkursach proponowanych przez liczne organizacje, instytucje Wroc\u0142awia oraz konkursach w zasi\u0119gu mi\u0119dzynarodowym, og\u00f3lnopolskim i dolno\u015bl\u0105skim. Zajmujemy czo\u0142owe miejsca w konkursach plastycznych, tanecznych, teatralnych. Zdobywamy r\u00f3wnie\u017c nowe Certyfikaty i bierzemy udzia\u0142 w wielu projektach oraz akcjach charytatywnych jako plac\u00f3wka.[\/vc_column_text][vc_empty_space][\/vc_column][\/vc_row][vc_row][vc_column][vc_masonry_grid post_type=&#8221;post&#8221; max_items=&#8221;-1&#8243; style=&#8221;lazy&#8221; items_per_page=&#8221;100&#8243; grid_id=&#8221;vc_gid:1606992053055-1ad871c7-a28f-4&#8243; taxonomies=&#8221;4&#8243;][vc_empty_space][vc_column_text css_animation=&#8221;bottom-to-top&#8221;]<\/p>\n<p style=\"text-align: center;\"><span style=\"font-size: 24pt;\">OSI\u0104GNI\u0118CIA WYCHOWANK\u00d3W<\/span><\/p>\n<p>[\/vc_column_text][vc_column_text css_animation=&#8221;bounceInRight&#8221;]<\/p>\n<p style=\"text-align: center;\"><span style=\"font-size: 18pt;\">ROK SZKOLNY 2017\/2018<\/span><\/p>\n<p>[\/vc_column_text][vc_empty_space][vc_masonry_grid post_type=&#8221;post&#8221; max_items=&#8221;-1&#8243; style=&#8221;lazy&#8221; items_per_page=&#8221;100&#8243; grid_id=&#8221;vc_gid:1606992053057-b5eb15a9-9f61-10&#8243; taxonomies=&#8221;5&#8243;][\/vc_column][\/vc_row]<\/p>\n<\/div>","protected":false},"excerpt":{"rendered":"<p>[vc_row][vc_column][vc_column_text css_animation=&#8221;bounceInLeft&#8221;]Rozwijamy talenty naszych wychowank\u00f3w poprzez aktywny udzia\u0142 w wielu konkursach proponowanych przez liczne organizacje, instytucje Wroc\u0142awia oraz konkursach w zasi\u0119gu mi\u0119dzynarodowym, og\u00f3lnopolskim i dolno\u015bl\u0105skim. Zajmujemy czo\u0142owe miejsca w konkursach [&hellip;]<\/p>\n","protected":false},"author":15,"featured_media":0,"parent":52,"menu_order":0,"comment_status":"closed","ping_status":"closed","template":"page-templates\/page-full-width.php","meta":{"ngg_post_thumbnail":0,"footnotes":""},"class_list":["post-59","page","type-page","status-publish","hentry","clearfix"],"_links":{"self":[{"href":"https:\/\/przedszkole62.edu.wroclaw.pl\/index.php\/wp-json\/wp\/v2\/pages\/59","targetHints":{"allow":["GET"]}}],"collection":[{"href":"https:\/\/przedszkole62.edu.wroclaw.pl\/index.php\/wp-json\/wp\/v2\/pages"}],"about":[{"href":"https:\/\/przedszkole62.edu.wroclaw.pl\/index.php\/wp-json\/wp\/v2\/types\/page"}],"author":[{"embeddable":true,"href":"https:\/\/przedszkole62.edu.wroclaw.pl\/index.php\/wp-json\/wp\/v2\/users\/15"}],"replies":[{"embeddable":true,"href":"https:\/\/przedszkole62.edu.wroclaw.pl\/index.php\/wp-json\/wp\/v2\/comments?post=59"}],"version-history":[{"count":7,"href":"https:\/\/przedszkole62.edu.wroclaw.pl\/index.php\/wp-json\/wp\/v2\/pages\/59\/revisions"}],"predecessor-version":[{"id":1856,"href":"https:\/\/przedszkole62.edu.wroclaw.pl\/index.php\/wp-json\/wp\/v2\/pages\/59\/revisions\/1856"}],"up":[{"embeddable":true,"href":"https:\/\/przedszkole62.edu.wroclaw.pl\/index.php\/wp-json\/wp\/v2\/pages\/52"}],"wp:attachment":[{"href":"https:\/\/przedszkole62.edu.wroclaw.pl\/index.php\/wp-json\/wp\/v2\/media?parent=59"}],"curies":[{"name":"wp","href":"https:\/\/api.w.org\/{rel}","templated":true}]}}