
{"id":62,"date":"2017-04-05T13:03:28","date_gmt":"2017-04-05T11:03:28","guid":{"rendered":"https:\/\/przedszkole62.edu.wroclaw.pl\/?page_id=62"},"modified":"2020-12-03T11:41:27","modified_gmt":"2020-12-03T10:41:27","slug":"wspolpraca-z-instytucjami","status":"publish","type":"page","link":"https:\/\/przedszkole62.edu.wroclaw.pl\/index.php\/o-nas\/wspolpraca-z-instytucjami\/","title":{"rendered":"Wsp\u00f3\u0142praca z instytucjami"},"content":{"rendered":"<div class=\"wpb-content-wrapper\"><p>[vc_row][vc_column][vc_column_text css_animation=&#8221;fadeInDownBig&#8221;]<\/p>\n<p align=\"justify\">Przedszkole stale wsp\u00f3\u0142pracuje z:<\/p>\n<ul>\n<li>Poradni\u0105 psychologiczno -pedagogiczn\u0105 oraz z psychologiem ze Szko\u0142y Podstawowej nr 95 (organizowanie spotka\u0144 dla rodzic\u00f3w ze specjalistami, ci\u0105g\u0142a wsp\u00f3\u0142praca nauczycieli z psychologiem)<\/li>\n<li>Rad\u0105 Osiedla Pracze Odrza\u0144skie (wsp\u00f3lne dzia\u0142ania z okazji Dnia Dziecka, Pomoc dzieciom z rodzin ubogich)<\/li>\n<li>Stowarzyszeniem Rodzic\u00f3w Na Rzecz Pomocy szko\u0142om &#8222;- Przyjazna Szko\u0142a&#8221; 1% (pozyskiwanie funduszy na zakup sprz\u0119tu sportowego dla urozmaicenia zaj\u0119\u0107 z gimnastyki korekcyjnej)<\/li>\n<li>Stowarzyszeniem &#8222;Ludzie Ludziom&#8221; (pomoc przy wykonywaniu drobnych remont\u00f3w np. malowanie, tapetowanie itp.)<\/li>\n<li>Fundacj\u0105 Dogolandia ( kszta\u0142towanie bezpiecznych postaw dzieci w kontaktach z psami, proekologicznych postaw dzieci w stosunku do zwierz\u0105t)<\/li>\n<li>Liga Ochrony Przyrody ( udzia\u0142 dzieci w r\u00f3\u017cnych konkursach ekologicznych, wyjazdy do le\u015bnicz\u00f3wki, spotkania z le\u015bnikiem, pszczelarzem)<\/li>\n<li>Zesp\u00f3\u0142 Szkolno-Przedszkolny nr 12, Przedszkole nr 8 (coroczny udzia\u0142 dzieci w spartakiadzie sportowej, udzia\u0142 w konkursach, wymiana stroj\u00f3w na uroczysto\u015bci przedszkolne, wsp\u00f3lne organizowanie Rad Pedagogicznych)<\/li>\n<li>Przedszkole nr 10 ( udzia\u0142 dzieci w konkursach, wsp\u00f3lne organizowanie Rad Pedagogicznych, wymiana stroj\u00f3w na uroczysto\u015bci przedszkolne)<\/li>\n<li>Szko\u0142a Podstawowa nr 22 (wsp\u00f3lne dzia\u0142ania w ramach projektu &#8222;Wroc\u0142awskie dzieci ucz\u0105 segregowa\u0107 \u015bmieci&#8221;, udzia\u0142 dzieci przedszkolnych i szkolnych w lekcjach integracyjnych)<\/li>\n<li>wsp\u00f3\u0142praca z Policj\u0105, Stra\u017c\u0105 Po\u017carn\u0105 (wsp\u00f3lne dzia\u0142ania pt.&#8221; Bezpieczny Przedszkolak&#8221;)<\/li>\n<li>wsp\u00f3\u0142praca z rodzicami (organizowanie przegl\u0105d\u00f3w stomatologicznych i ortodontycznych, wsp\u00f3\u0142praca przy organizowaniu r\u00f3\u017cnych uroczysto\u015bci przedszkolnych, festyn\u00f3w).<\/li>\n<\/ul>\n<p>[\/vc_column_text][\/vc_column][\/vc_row]<\/p>\n<\/div>","protected":false},"excerpt":{"rendered":"<p>[vc_row][vc_column][vc_column_text css_animation=&#8221;fadeInDownBig&#8221;] Przedszkole stale wsp\u00f3\u0142pracuje z: Poradni\u0105 psychologiczno -pedagogiczn\u0105 oraz z psychologiem ze Szko\u0142y Podstawowej nr 95 (organizowanie spotka\u0144 dla rodzic\u00f3w ze specjalistami, ci\u0105g\u0142a wsp\u00f3\u0142praca nauczycieli z psychologiem) Rad\u0105 Osiedla [&hellip;]<\/p>\n","protected":false},"author":15,"featured_media":0,"parent":52,"menu_order":0,"comment_status":"closed","ping_status":"closed","template":"page-templates\/page-full-width.php","meta":{"ngg_post_thumbnail":0,"footnotes":""},"class_list":["post-62","page","type-page","status-publish","hentry","clearfix"],"_links":{"self":[{"href":"https:\/\/przedszkole62.edu.wroclaw.pl\/index.php\/wp-json\/wp\/v2\/pages\/62","targetHints":{"allow":["GET"]}}],"collection":[{"href":"https:\/\/przedszkole62.edu.wroclaw.pl\/index.php\/wp-json\/wp\/v2\/pages"}],"about":[{"href":"https:\/\/przedszkole62.edu.wroclaw.pl\/index.php\/wp-json\/wp\/v2\/types\/page"}],"author":[{"embeddable":true,"href":"https:\/\/przedszkole62.edu.wroclaw.pl\/index.php\/wp-json\/wp\/v2\/users\/15"}],"replies":[{"embeddable":true,"href":"https:\/\/przedszkole62.edu.wroclaw.pl\/index.php\/wp-json\/wp\/v2\/comments?post=62"}],"version-history":[{"count":1,"href":"https:\/\/przedszkole62.edu.wroclaw.pl\/index.php\/wp-json\/wp\/v2\/pages\/62\/revisions"}],"predecessor-version":[{"id":63,"href":"https:\/\/przedszkole62.edu.wroclaw.pl\/index.php\/wp-json\/wp\/v2\/pages\/62\/revisions\/63"}],"up":[{"embeddable":true,"href":"https:\/\/przedszkole62.edu.wroclaw.pl\/index.php\/wp-json\/wp\/v2\/pages\/52"}],"wp:attachment":[{"href":"https:\/\/przedszkole62.edu.wroclaw.pl\/index.php\/wp-json\/wp\/v2\/media?parent=62"}],"curies":[{"name":"wp","href":"https:\/\/api.w.org\/{rel}","templated":true}]}}